{"id":8996,"date":"2020-02-11T13:52:47","date_gmt":"2020-02-11T13:52:47","guid":{"rendered":"http:\/\/protodev.ee\/?page_id=8996"},"modified":"2025-11-19T09:23:15","modified_gmt":"2025-11-19T09:23:15","slug":"pantera-zale","status":"publish","type":"page","link":"https:\/\/www.prototehas.ee\/lv\/pantera-zale\/","title":{"rendered":"Pantera z\u0101le"},"content":{"rendered":"[et_pb_section fb_built=&#8221;1&#8243; _builder_version=&#8221;4.16&#8243; background_enable_image=&#8221;off&#8221; locked=&#8221;off&#8221; global_colors_info=&#8221;{}&#8221;][et_pb_row admin_label=&#8221;Eesti Maitsed&#8221; _builder_version=&#8221;4.24.2&#8243; _module_preset=&#8221;default&#8221; locked=&#8221;off&#8221; global_colors_info=&#8221;{}&#8221;][et_pb_column type=&#8221;4_4&#8243; _builder_version=&#8221;4.16&#8243; _module_preset=&#8221;default&#8221; global_colors_info=&#8221;{}&#8221;][et_pb_heading title=&#8221;Pantera z\u0101le&#8221; _builder_version=&#8221;4.24.2&#8243; _module_preset=&#8221;c9a4dd29-8345-43ea-bd4d-e73ae35e5717&#8243; global_colors_info=&#8221;{}&#8221;][\/et_pb_heading][et_pb_text _builder_version=&#8221;4.24.2&#8243; _module_preset=&#8221;e179c0c4-c115-407d-a110-ebe813713cd6&#8243; custom_padding=&#8221;|90px||90px|false|false&#8221; custom_padding_tablet=&#8221;|20px||20px|false|false&#8221; custom_padding_phone=&#8221;|0px||0px|false|false&#8221; custom_padding_last_edited=&#8221;on|tablet&#8221; global_colors_info=&#8221;{}&#8221;]<p>Pantera z\u0101le ar augstajiem griestiem, lieliskiem logiem, v\u0113sturiskiem deta\u013c\u0101m un 19. gadsimta ori\u0123in\u0101laj\u0101m gr\u012bd\u0101m ir ide\u0101li piem\u0113rota tiem, kas mekl\u0113 autentisku r\u016bpn\u012bcas atmosf\u0113ru. Dekorat\u012bv\u0101 apgaismojuma pievieno\u0161ana padara z\u0101li par aizraujo\u0161u ball\u012b\u0161u z\u0101li.<\/p>\n<p>Z\u0101le ir apr\u012bkota ar lielu ekr\u0101nu un projektora iesp\u0113ju. Ir pieejama laba ska\u0146as sist\u0113ma, k\u0101 ar\u012b divi rok\u0101m un kabatas mikrofoni, k\u0101 ar\u012b skatuve. P\u0101rvietojamaj\u0101 starpsien\u0101 z\u0101li var sadal\u012bt divos telpiskos re\u017e\u012bmos. Telpa ir piem\u0113rota gan svin\u012bgiem pas\u0101kumiem, uz\u0146\u0113muma dzim\u0161anas dien\u0101m, gan Ziemassv\u0113tku ball\u0113m.<\/p>[\/et_pb_text][\/et_pb_column][\/et_pb_row][et_pb_row column_structure=&#8221;1_2,1_2&#8243; use_custom_gutter=&#8221;on&#8221; gutter_width=&#8221;1&#8243; make_equal=&#8221;on&#8221; admin_label=&#8221;Card Image Right&#8221; _builder_version=&#8221;4.24.2&#8243; _module_preset=&#8221;default&#8221; background_color=&#8221;#FFFFFF&#8221; custom_margin=&#8221;25px||25px||false|false&#8221; custom_padding=&#8221;0px||0px||false|false&#8221; border_radii=&#8221;on|20px|20px|20px|20px&#8221; locked=&#8221;off&#8221; global_colors_info=&#8221;{}&#8221; custom_css_main_element_last_edited=&#8221;on|tablet&#8221;][et_pb_column type=&#8221;1_2&#8243; _builder_version=&#8221;4.24.2&#8243; _module_preset=&#8221;default&#8221; custom_padding=&#8221;|30px||30px|false|false&#8221; global_colors_info=&#8221;{}&#8221;][et_pb_heading title=&#8221;Pantera z\u0101le&#8221; _builder_version=&#8221;4.24.2&#8243; _module_preset=&#8221;default&#8221; title_level=&#8221;h2&#8243; title_font=&#8221;Amsi Pro Cond Bold|||on|||||&#8221; title_text_align=&#8221;center&#8221; background_color=&#8221;rgba(255,255,255,0)&#8221; custom_margin=&#8221;30px||0px||false|false&#8221; global_colors_info=&#8221;{}&#8221;][\/et_pb_heading][et_pb_text _builder_version=&#8221;4.24.2&#8243; _module_preset=&#8221;e179c0c4-c115-407d-a110-ebe813713cd6&#8243; custom_margin=&#8221;|0px|||false|false&#8221; custom_padding=&#8221;11px||30px|0px|false|false&#8221; hover_enabled=&#8221;0&#8243; global_colors_info=&#8221;{}&#8221; sticky_enabled=&#8221;0&#8243;]<p>Papildus pied\u0101v\u0101jam ar\u012b <strong><a href=\"https:\/\/www.prototehas.ee\/en\/catering\/\">PROTO \u0113din\u0101\u0161anu<\/a><\/strong> J\u016bsu ball\u012btei.<\/p>\n<p><strong>Izm\u0113rs:<\/strong> 266,2 m2<br \/><strong>Te\u0101tris:<\/strong> 220 pers<br \/><strong>Gal\u0101:<\/strong> 140 pers<\/p>\n<p><strong>GR\u012aDAS PL\u0100NI:<\/strong><br \/><strong><\/strong>1. <a href=\"https:\/\/www.prototehas.ee\/wp-content\/uploads\/2025\/11\/Pantera-plaan-nov-2025.pdf\" target=\"_blank\" rel=\"noopener\">Pantera z\u0101les gr\u012bdas pl\u0101ns, tuk\u0161s<\/a><br \/>2. <a href=\"https:\/\/www.prototehas.ee\/wp-content\/uploads\/2020\/03\/05-PANTERA_porand.pdf\" target=\"_blank\" rel=\"noopener noreferrer\">Pantera z\u0101les gr\u012bdas pl\u0101ns, da\u017e\u0101di izvietojumi<\/a><br \/><strong><br \/><b>REZERV\u0112\u0160ANA:<\/b><br \/><a href=\"mailto:booking@protofactory.ee\">booking@protofactory.ee<\/a><br \/>+372 53 620 400<\/strong><\/p>[\/et_pb_text][\/et_pb_column][et_pb_column type=&#8221;1_2&#8243; _builder_version=&#8221;4.24.2&#8243; _module_preset=&#8221;default&#8221; global_colors_info=&#8221;{}&#8221;][et_pb_image src=&#8221;https:\/\/www.prototehas.ee\/wp-content\/uploads\/2024\/05\/E19I7369-scaled.jpg&#8221; alt=&#8221;Pantera saali dekoreeritud&#8221; title_text=&#8221;Pantera saal&#8221; show_bottom_space=&#8221;off&#8221; module_class=&#8221;pa-full-height-image-column&#8221; _builder_version=&#8221;4.24.2&#8243; _module_preset=&#8221;default&#8221; height=&#8221;100%&#8221; global_colors_info=&#8221;{}&#8221;][\/et_pb_image][\/et_pb_column][\/et_pb_row][et_pb_row use_custom_gutter=&#8221;on&#8221; gutter_width=&#8221;1&#8243; admin_label=&#8221;Eesti Maitsed&#8221; _builder_version=&#8221;4.24.2&#8243; _module_preset=&#8221;default&#8221; width=&#8221;100%&#8221; locked=&#8221;off&#8221; global_colors_info=&#8221;{}&#8221;][et_pb_column type=&#8221;4_4&#8243; _builder_version=&#8221;4.16&#8243; _module_preset=&#8221;default&#8221; global_colors_info=&#8221;{}&#8221;][et_pb_heading title=&#8221;galerija&#8221; _builder_version=&#8221;4.24.2&#8243; _module_preset=&#8221;c9a4dd29-8345-43ea-bd4d-e73ae35e5717&#8243; custom_margin=&#8221;||30px||false|false&#8221; global_colors_info=&#8221;{}&#8221;][\/et_pb_heading][et_pb_gallery gallery_ids=&#8221;26949,26939,26944,24234,24222,27258,27416,27422&#8243; posts_number=&#8221;8&#8243; show_title_and_caption=&#8221;off&#8221; show_pagination=&#8221;off&#8221; zoom_icon_color=&#8221;#6400FF&#8221; hover_overlay_color=&#8221;rgba(255,255,255,0.52)&#8221; hover_icon=&#8221;&#x2d;||divi||400&#8243; module_class=&#8221;col-width&#8221; _builder_version=&#8221;4.24.2&#8243; _module_preset=&#8221;default&#8221; custom_margin=&#8221;||||false|false&#8221; custom_margin_tablet=&#8221;||||false|false&#8221; custom_margin_phone=&#8221;||||false|false&#8221; custom_margin_last_edited=&#8221;on|tablet&#8221; custom_padding=&#8221;|10px||10px|false|false&#8221; border_width_all=&#8221;14px&#8221; border_color_all=&#8221;RGBA(255,255,255,0)&#8221; border_width_all_tablet=&#8221;14px&#8221; border_width_all_phone=&#8221;6px&#8221; border_width_all_last_edited=&#8221;on|phone&#8221; border_radii_image=&#8221;on|12px|12px|12px|12px&#8221; global_colors_info=&#8221;{}&#8221;][\/et_pb_gallery][\/et_pb_column][\/et_pb_row][\/et_pb_section]<span class=\"et_bloom_bottom_trigger\"><\/span>","protected":false},"excerpt":{"rendered":"<p>Pantera z\u0101le ar augstajiem griestiem, lieliskiem logiem, v\u0113sturiskiem deta\u013c\u0101m un 19. gadsimta ori\u0123in\u0101laj\u0101m gr\u012bd\u0101m ir ide\u0101li piem\u0113rota tiem, kas mekl\u0113 autentisku r\u016bpn\u012bcas atmosf\u0113ru. Dekorat\u012bv\u0101 apgaismojuma pievieno\u0161ana padara z\u0101li par aizraujo\u0161u ball\u012b\u0161u z\u0101li. Z\u0101le ir apr\u012bkota ar lielu ekr\u0101nu un projektora iesp\u0113ju. Ir pieejama laba ska\u0146as sist\u0113ma, k\u0101 ar\u012b divi rok\u0101m un kabatas mikrofoni, k\u0101 ar\u012b [&hellip;]<\/p>\n","protected":false},"author":19,"featured_media":0,"parent":0,"menu_order":0,"comment_status":"closed","ping_status":"closed","template":"","meta":{"_acf_changed":false,"_et_pb_use_builder":"on","_et_pb_old_content":"","_et_gb_content_width":"","inline_featured_image":false,"footnotes":""},"class_list":["post-8996","page","type-page","status-publish","hentry"],"acf":[],"yoast_head":"<!-- This site is optimized with the Yoast SEO plugin v26.9 - https:\/\/yoast.com\/product\/yoast-seo-wordpress\/ -->\n<title>Pantera Saal - Ideaalne tehase atmosf\u00e4\u00e4riga peosaal<\/title>\n<meta name=\"description\" content=\"Pantera saal pakub unikaalset tehase atmosf\u00e4\u00e4ri ja on ideaalne pidulikeks vastuv\u00f5ttudeks ning ettev\u00f5tte \u00fcritusteks.\" \/>\n<meta name=\"robots\" content=\"index, follow, max-snippet:-1, max-image-preview:large, max-video-preview:-1\" \/>\n<link rel=\"canonical\" href=\"https:\/\/www.prototehas.ee\/lv\/pantera-zale\/\" \/>\n<meta property=\"og:locale\" content=\"lv_LV\" \/>\n<meta property=\"og:type\" content=\"article\" \/>\n<meta property=\"og:title\" content=\"Pantera Saal - Ideaalne tehase atmosf\u00e4\u00e4riga peosaal\" \/>\n<meta property=\"og:description\" content=\"Pantera saal pakub unikaalset tehase atmosf\u00e4\u00e4ri ja on ideaalne pidulikeks vastuv\u00f5ttudeks ning ettev\u00f5tte \u00fcritusteks.\" \/>\n<meta property=\"og:url\" content=\"https:\/\/www.prototehas.ee\/lv\/pantera-zale\/\" \/>\n<meta property=\"og:site_name\" content=\"PROTO avastustehas\" \/>\n<meta property=\"article:publisher\" content=\"https:\/\/www.facebook.com\/prototehas\/\" \/>\n<meta property=\"article:modified_time\" content=\"2025-11-19T09:23:15+00:00\" \/>\n<meta name=\"twitter:card\" content=\"summary_large_image\" \/>\n<meta name=\"twitter:label1\" content=\"Est. reading time\" \/>\n\t<meta name=\"twitter:data1\" content=\"2 minutes\" \/>\n<script type=\"application\/ld+json\" class=\"yoast-schema-graph\">{\"@context\":\"https:\/\/schema.org\",\"@graph\":[{\"@type\":\"WebPage\",\"@id\":\"https:\/\/www.prototehas.ee\/lv\/pantera-zale\/\",\"url\":\"https:\/\/www.prototehas.ee\/lv\/pantera-zale\/\",\"name\":\"Pantera Saal - Ideaalne tehase atmosf\u00e4\u00e4riga peosaal\",\"isPartOf\":{\"@id\":\"https:\/\/www.prototehas.ee\/lv\/#website\"},\"datePublished\":\"2020-02-11T13:52:47+00:00\",\"dateModified\":\"2025-11-19T09:23:15+00:00\",\"description\":\"Pantera saal pakub unikaalset tehase atmosf\u00e4\u00e4ri ja on ideaalne pidulikeks vastuv\u00f5ttudeks ning ettev\u00f5tte \u00fcritusteks.\",\"breadcrumb\":{\"@id\":\"https:\/\/www.prototehas.ee\/lv\/pantera-zale\/#breadcrumb\"},\"inLanguage\":\"lv-LV\",\"potentialAction\":[{\"@type\":\"ReadAction\",\"target\":[\"https:\/\/www.prototehas.ee\/lv\/pantera-zale\/\"]}]},{\"@type\":\"BreadcrumbList\",\"@id\":\"https:\/\/www.prototehas.ee\/lv\/pantera-zale\/#breadcrumb\",\"itemListElement\":[{\"@type\":\"ListItem\",\"position\":1,\"name\":\"Avaleht\",\"item\":\"https:\/\/www.prototehas.ee\/lv\/\"},{\"@type\":\"ListItem\",\"position\":2,\"name\":\"Pantera z\u0101le\"}]},{\"@type\":\"WebSite\",\"@id\":\"https:\/\/www.prototehas.ee\/lv\/#website\",\"url\":\"https:\/\/www.prototehas.ee\/lv\/\",\"name\":\"PROTO avastustehas\",\"description\":\"Where science meets fantasy\",\"publisher\":{\"@id\":\"https:\/\/www.prototehas.ee\/lv\/#organization\"},\"potentialAction\":[{\"@type\":\"SearchAction\",\"target\":{\"@type\":\"EntryPoint\",\"urlTemplate\":\"https:\/\/www.prototehas.ee\/lv\/?s={search_term_string}\"},\"query-input\":{\"@type\":\"PropertyValueSpecification\",\"valueRequired\":true,\"valueName\":\"search_term_string\"}}],\"inLanguage\":\"lv-LV\"},{\"@type\":\"Organization\",\"@id\":\"https:\/\/www.prototehas.ee\/lv\/#organization\",\"name\":\"PROTO avastustehas\",\"url\":\"https:\/\/www.prototehas.ee\/lv\/\",\"logo\":{\"@type\":\"ImageObject\",\"inLanguage\":\"lv-LV\",\"@id\":\"https:\/\/www.prototehas.ee\/lv\/#\/schema\/logo\/image\/\",\"url\":\"https:\/\/www.prototehas.ee\/wp-content\/uploads\/2019\/10\/prototehas_logo_et_2.svg\",\"contentUrl\":\"https:\/\/www.prototehas.ee\/wp-content\/uploads\/2019\/10\/prototehas_logo_et_2.svg\",\"width\":100,\"height\":100,\"caption\":\"PROTO avastustehas\"},\"image\":{\"@id\":\"https:\/\/www.prototehas.ee\/lv\/#\/schema\/logo\/image\/\"},\"sameAs\":[\"https:\/\/www.facebook.com\/prototehas\/\"]}]}<\/script>\n<!-- \/ Yoast SEO plugin. -->","yoast_head_json":{"title":"Pantera Saal - Ideaalne tehase atmosf\u00e4\u00e4riga peosaal","description":"Pantera saal pakub unikaalset tehase atmosf\u00e4\u00e4ri ja on ideaalne pidulikeks vastuv\u00f5ttudeks ning ettev\u00f5tte \u00fcritusteks.","robots":{"index":"index","follow":"follow","max-snippet":"max-snippet:-1","max-image-preview":"max-image-preview:large","max-video-preview":"max-video-preview:-1"},"canonical":"https:\/\/www.prototehas.ee\/lv\/pantera-zale\/","og_locale":"lv_LV","og_type":"article","og_title":"Pantera Saal - Ideaalne tehase atmosf\u00e4\u00e4riga peosaal","og_description":"Pantera saal pakub unikaalset tehase atmosf\u00e4\u00e4ri ja on ideaalne pidulikeks vastuv\u00f5ttudeks ning ettev\u00f5tte \u00fcritusteks.","og_url":"https:\/\/www.prototehas.ee\/lv\/pantera-zale\/","og_site_name":"PROTO avastustehas","article_publisher":"https:\/\/www.facebook.com\/prototehas\/","article_modified_time":"2025-11-19T09:23:15+00:00","twitter_card":"summary_large_image","twitter_misc":{"Est. reading time":"2 minutes"},"schema":{"@context":"https:\/\/schema.org","@graph":[{"@type":"WebPage","@id":"https:\/\/www.prototehas.ee\/lv\/pantera-zale\/","url":"https:\/\/www.prototehas.ee\/lv\/pantera-zale\/","name":"Pantera Saal - Ideaalne tehase atmosf\u00e4\u00e4riga peosaal","isPartOf":{"@id":"https:\/\/www.prototehas.ee\/lv\/#website"},"datePublished":"2020-02-11T13:52:47+00:00","dateModified":"2025-11-19T09:23:15+00:00","description":"Pantera saal pakub unikaalset tehase atmosf\u00e4\u00e4ri ja on ideaalne pidulikeks vastuv\u00f5ttudeks ning ettev\u00f5tte \u00fcritusteks.","breadcrumb":{"@id":"https:\/\/www.prototehas.ee\/lv\/pantera-zale\/#breadcrumb"},"inLanguage":"lv-LV","potentialAction":[{"@type":"ReadAction","target":["https:\/\/www.prototehas.ee\/lv\/pantera-zale\/"]}]},{"@type":"BreadcrumbList","@id":"https:\/\/www.prototehas.ee\/lv\/pantera-zale\/#breadcrumb","itemListElement":[{"@type":"ListItem","position":1,"name":"Avaleht","item":"https:\/\/www.prototehas.ee\/lv\/"},{"@type":"ListItem","position":2,"name":"Pantera z\u0101le"}]},{"@type":"WebSite","@id":"https:\/\/www.prototehas.ee\/lv\/#website","url":"https:\/\/www.prototehas.ee\/lv\/","name":"PROTO avastustehas","description":"Where science meets fantasy","publisher":{"@id":"https:\/\/www.prototehas.ee\/lv\/#organization"},"potentialAction":[{"@type":"SearchAction","target":{"@type":"EntryPoint","urlTemplate":"https:\/\/www.prototehas.ee\/lv\/?s={search_term_string}"},"query-input":{"@type":"PropertyValueSpecification","valueRequired":true,"valueName":"search_term_string"}}],"inLanguage":"lv-LV"},{"@type":"Organization","@id":"https:\/\/www.prototehas.ee\/lv\/#organization","name":"PROTO avastustehas","url":"https:\/\/www.prototehas.ee\/lv\/","logo":{"@type":"ImageObject","inLanguage":"lv-LV","@id":"https:\/\/www.prototehas.ee\/lv\/#\/schema\/logo\/image\/","url":"https:\/\/www.prototehas.ee\/wp-content\/uploads\/2019\/10\/prototehas_logo_et_2.svg","contentUrl":"https:\/\/www.prototehas.ee\/wp-content\/uploads\/2019\/10\/prototehas_logo_et_2.svg","width":100,"height":100,"caption":"PROTO avastustehas"},"image":{"@id":"https:\/\/www.prototehas.ee\/lv\/#\/schema\/logo\/image\/"},"sameAs":["https:\/\/www.facebook.com\/prototehas\/"]}]}},"_links":{"self":[{"href":"https:\/\/www.prototehas.ee\/lv\/wp-json\/wp\/v2\/pages\/8996","targetHints":{"allow":["GET"]}}],"collection":[{"href":"https:\/\/www.prototehas.ee\/lv\/wp-json\/wp\/v2\/pages"}],"about":[{"href":"https:\/\/www.prototehas.ee\/lv\/wp-json\/wp\/v2\/types\/page"}],"author":[{"embeddable":true,"href":"https:\/\/www.prototehas.ee\/lv\/wp-json\/wp\/v2\/users\/19"}],"replies":[{"embeddable":true,"href":"https:\/\/www.prototehas.ee\/lv\/wp-json\/wp\/v2\/comments?post=8996"}],"version-history":[{"count":5,"href":"https:\/\/www.prototehas.ee\/lv\/wp-json\/wp\/v2\/pages\/8996\/revisions"}],"predecessor-version":[{"id":35797,"href":"https:\/\/www.prototehas.ee\/lv\/wp-json\/wp\/v2\/pages\/8996\/revisions\/35797"}],"wp:attachment":[{"href":"https:\/\/www.prototehas.ee\/lv\/wp-json\/wp\/v2\/media?parent=8996"}],"curies":[{"name":"wp","href":"https:\/\/api.w.org\/{rel}","templated":true}]}}