{"id":2835,"date":"2019-10-09T19:24:57","date_gmt":"2019-10-09T19:24:57","guid":{"rendered":"http:\/\/protodev.ee\/?page_id=2835"},"modified":"2025-09-23T08:32:34","modified_gmt":"2025-09-23T08:32:34","slug":"kafe","status":"publish","type":"page","link":"https:\/\/www.prototehas.ee\/ru\/kafe\/","title":{"rendered":"\u041a\u0410\u0424\u0415"},"content":{"rendered":"[et_pb_section fb_built=&#187;1&#8243; _builder_version=&#187;4.16&#8243; background_image=&#187;https:\/\/www.prototehas.ee\/wp-content\/uploads\/2021\/04\/kohvik-web.jpg&#187; custom_margin=&#187;0px||||false|false&#187; custom_padding=&#187;13em||13em||true|false&#187; global_colors_info=&#187;{}&#187;][\/et_pb_section][et_pb_section fb_built=&#187;1&#8243; _builder_version=&#187;4.16&#8243; background_color=&#187;#fff0d9&#8243; background_enable_image=&#187;off&#187; global_colors_info=&#187;{}&#187;][et_pb_row admin_label=&#187;Main heading&#187; _builder_version=&#187;4.24.2&#8243; _module_preset=&#187;default&#187; global_colors_info=&#187;{}&#187;][et_pb_column type=&#187;4_4&#8243; _builder_version=&#187;4.24.2&#8243; _module_preset=&#187;default&#187; global_colors_info=&#187;{}&#187;][et_pb_heading title=&#187;\u041a\u0410\u0424\u0415&#187; _builder_version=&#187;4.24.2&#8243; _module_preset=&#187;c9a4dd29-8345-43ea-bd4d-e73ae35e5717&#8243; global_colors_info=&#187;{}&#187;][\/et_pb_heading][\/et_pb_column][\/et_pb_row][et_pb_row column_structure=&#187;1_2,1_2&#8243; use_custom_gutter=&#187;on&#187; gutter_width=&#187;1&#8243; make_equal=&#187;on&#187; admin_label=&#187;Card Image Right&#187; _builder_version=&#187;4.24.2&#8243; _module_preset=&#187;default&#187; background_color=&#187;#FFFFFF&#187; custom_margin=&#187;25px||25px||false|false&#187; custom_padding=&#187;0px||0px||false|false&#187; border_radii=&#187;on|20px|20px|20px|20px&#187; global_colors_info=&#187;{}&#187; custom_css_main_element_last_edited=&#187;on|tablet&#187;][et_pb_column type=&#187;1_2&#8243; _builder_version=&#187;4.24.2&#8243; _module_preset=&#187;default&#187; custom_padding=&#187;|30px||30px|false|false&#187; global_colors_info=&#187;{}&#187;][et_pb_text _builder_version=&#187;4.24.2&#8243; _module_preset=&#187;e179c0c4-c115-407d-a110-ebe813713cd6&#8243; custom_margin=&#187;|0px|||false|false&#187; custom_padding=&#187;60px||30px|0px|false|false&#187; global_colors_info=&#187;{}&#187;]<p><strong>\u041a\u0430\u0444\u0435 \u0424\u0430\u0431\u0440\u0438\u043a\u0438 \u043e\u0442\u043a\u0440\u044b\u0442\u0438\u0439 PROTO \u043d\u0430\u0445\u043e\u0434\u0438\u0442\u0441\u044f \u043d\u0430 \u043f\u0435\u0440\u0432\u043e\u043c \u044d\u0442\u0430\u0436\u0435 \u0446\u0435\u043d\u0442\u0440\u0430 \u043f\u043e \u0430\u0434\u0440\u0435\u0441\u0443 Peetri 10. \u041f\u0440\u0438\u0445\u043e\u0434\u0438\u0442\u0435 \u0438 \u043d\u0430\u0441\u043b\u0430\u0436\u0434\u0430\u0439\u0442\u0435\u0441\u044c \u0432\u043a\u0443\u0441\u043d\u043e\u0439 \u0435\u0434\u043e\u0439 \u043d\u0430 \u043c\u0435\u0441\u0442\u0435 \u0438\u043b\u0438 \u0432\u043e\u0437\u044c\u043c\u0438\u0442\u0435 \u0435\u0434\u0443 \u0441 \u0441\u043e\u0431\u043e\u0439 \u0434\u043e\u043c\u043e\u0439 \u0438\u043b\u0438 \u0432 \u043e\u0444\u0438\u0441.<\/strong><\/p>\n<p>\u041d\u0430\u0448\u0435 \u043a\u0430\u0444\u0435 \u0436\u0434\u0435\u0442 \u0432\u0441\u0435\u0445 \u0438\u0441\u043a\u0430\u0442\u0435\u043b\u0435\u0439 \u043f\u0440\u0438\u043a\u043b\u044e\u0447\u0435\u043d\u0438\u0439 \u0438 \u0443\u0447\u0435\u043d\u044b\u0445, \u043a\u043e\u0442\u043e\u0440\u044b\u0435, \u043f\u043e\u043c\u0438\u043c\u043e \u0434\u0443\u0445\u043e\u0432\u043d\u043e\u0433\u043e \u043f\u0438\u0442\u0430\u043d\u0438\u044f \u043e\u0442 \u043e\u0442\u043a\u0440\u044b\u0442\u0438\u0439, \u043d\u0443\u0436\u0434\u0430\u044e\u0442\u0441\u044f \u0442\u0430\u043a\u0436\u0435 \u0432 \u043f\u043e\u0434\u043a\u0440\u0435\u043f\u043b\u0435\u043d\u0438\u0438 \u0434\u043b\u044f \u0442\u0435\u043b\u0430. \u0412 \u043a\u0430\u0444\u0435 \u0438\u043c\u0435\u0435\u0442\u0441\u044f \u043e\u0442\u0434\u0435\u043b\u044c\u043d\u044b\u0439 \u0432\u0445\u043e\u0434 \u0441 \u0443\u043b\u0438\u0446\u044b, \u0438 \u0442\u0430\u043c \u0431\u0443\u0434\u0443\u0442 \u0440\u0430\u0434\u044b \u0432\u0441\u0435\u043c, \u043a\u0442\u043e \u0438\u0449\u0435\u0442 \u0432\u043a\u0443\u0441\u043d\u044b\u0439 \u043e\u0431\u0435\u0434 \u0438\u043b\u0438 \u0443\u044e\u0442\u043d\u043e\u0435 \u043c\u0435\u0441\u0442\u043e \u0434\u043b\u044f \u043a\u043e\u0444\u0435.<\/p>\n<p><strong>\u041a\u0410\u0424\u0415 \u041e\u0422\u041a\u0420\u042b\u0422\u041e:<\/strong><br \/><strong>\u041fo\u043d<span>\u00a0<\/span><\/strong><span>c 11:30-15:00<\/span><br \/><strong>Bt-\u041ft<\/strong><strong>\u00a0<\/strong><span>c 11:30-17:00<\/span><br \/><strong>C\u0411-Boc<\/strong><strong>\u00a0<\/strong><span>c 11:30-18:00<\/span><\/p>\n<p><strong><a href=\"https:\/\/www.prototehas.ee\/menuu\/\">\u0421\u041c\u041e\u0422\u0420\u0415\u0422\u042c \u0414\u041d\u0415\u0412\u041d\u041e\u0415 \u041c\u0415\u041d\u042e &gt;&gt;&gt;<\/a><\/strong><\/p>\n<p>&nbsp;<\/p>[\/et_pb_text][\/et_pb_column][et_pb_column type=&#187;1_2&#8243; _builder_version=&#187;4.24.2&#8243; _module_preset=&#187;default&#187; global_colors_info=&#187;{}&#187;][et_pb_image src=&#187;https:\/\/www.prototehas.ee\/wp-content\/uploads\/2024\/04\/Proto-2-19-1024&#215;683-1.jpg&#187; alt=&#187;PROTO kohviku p\u00e4evapakkumised&#187; title_text=&#187;PROTO kohvik&#187; show_bottom_space=&#187;off&#187; module_class=&#187;pa-full-height-image-column&#187; _builder_version=&#187;4.24.2&#8243; _module_preset=&#187;default&#187; height=&#187;100%&#187; global_colors_info=&#187;{}&#187;][\/et_pb_image][\/et_pb_column][\/et_pb_row][et_pb_row column_structure=&#187;1_2,1_2&#8243; admin_label=&#187;Card Image Left&#187; _builder_version=&#187;4.24.2&#8243; _module_preset=&#187;90498953-537a-45d8-96c9-83e32ef8ef4e&#187; custom_margin=&#187;25px||25px||false|false&#187; saved_tabs=&#187;all&#187; global_colors_info=&#187;{}&#187;][et_pb_column type=&#187;1_2&#8243; _builder_version=&#187;4.24.2&#8243; _module_preset=&#187;default&#187; global_colors_info=&#187;{}&#187;][et_pb_image src=&#187;https:\/\/www.prototehas.ee\/wp-content\/uploads\/2021\/04\/web_paevapakkumised_201120.jpg&#187; alt=&#187;PROTO kohvik ja catering&#187; title_text=&#187;PROTO kohvik&#187; show_bottom_space=&#187;off&#187; module_class=&#187;pa-full-height-image-column&#187; _builder_version=&#187;4.24.2&#8243; _module_preset=&#187;default&#187; height=&#187;100%&#187; global_colors_info=&#187;{}&#187;][\/et_pb_image][\/et_pb_column][et_pb_column type=&#187;1_2&#8243; _builder_version=&#187;4.24.2&#8243; _module_preset=&#187;default&#187; custom_padding=&#187;|30px||30px|false|false&#187; global_colors_info=&#187;{}&#187;][et_pb_text _builder_version=&#187;4.24.2&#8243; _module_preset=&#187;e179c0c4-c115-407d-a110-ebe813713cd6&#8243; min_height=&#187;410.4px&#187; custom_margin=&#187;|0px|||false|false&#187; custom_padding=&#187;40px||30px|0px|false|false&#187; global_colors_info=&#187;{}&#187;]<p>\u041a\u0443\u0445\u043d\u044f \u0444\u0430\u0431\u0440\u0438\u043a\u0438 \u043f\u043e\u0445\u043e\u0436\u0430 \u043d\u0430 \u0441\u0430\u043c\u0443 \u0444\u0430\u0431\u0440\u0438\u043a\u0443 \u2013 \u043e\u043d\u0430 \u0441\u043e\u0431\u0440\u0430\u043b\u0430 \u0432\u043c\u0435\u0441\u0442\u0435 \u0440\u0430\u0437\u043b\u0438\u0447\u043d\u044b\u0435 \u0443\u0433\u043e\u043b\u043a\u0438 \u043c\u0438\u0440\u0430 \u0438 \u043b\u0443\u0447\u0448\u0438\u0435 \u0432\u043a\u0443\u0441\u044b. \u041c\u0435\u043d\u044e \u043a\u0430\u0444\u0435 \u0441\u043e\u0441\u0442\u043e\u0438\u0442 \u0438\u0437 \u043f\u0440\u043e\u0441\u0442\u044b\u0445 \u0438 \u0431\u044b\u0441\u0442\u0440\u043e \u0433\u043e\u0442\u043e\u0432\u044f\u0449\u0438\u0445\u0441\u044f \u0434\u0435\u043b\u0438\u043a\u0430\u0442\u0435\u0441\u043e\u0432, \u043a\u043e\u0442\u043e\u0440\u044b\u0435 \u0432\u0441\u0435\u0433\u0434\u0430 \u0433\u043e\u0442\u043e\u0432\u044f\u0442\u0441\u044f \u0438\u0437 \u0441\u0432\u0435\u0436\u0438\u0445 \u0438\u043d\u0433\u0440\u0435\u0434\u0438\u0435\u043d\u0442\u043e\u0432 \u043f\u043e \u043f\u0440\u0438\u043d\u0446\u0438\u043f\u0443 \u0442\u0430\u043a \u043d\u0430\u0437\u044b\u0432\u0430\u0435\u043c\u043e\u0433\u043e \u043c\u0435\u0434\u043b\u0435\u043d\u043d\u043e\u0433\u043e \u0444\u0430\u0441\u0442\u0444\u0443\u0434\u0430. \u041d\u0430\u043f\u0440\u0438\u043c\u0435\u0440, \u0432 \u043d\u0430\u0448\u0435\u043c \u043c\u0435\u043d\u044e \u0435\u0441\u0442\u044c \u0441\u0432\u0435\u0436\u0438\u0435 \u0441\u0430\u043b\u0430\u0442\u044b, \u0441\u043c\u0443\u0437\u0438, \u0441\u044d\u043d\u0434\u0432\u0438\u0447\u0438, \u043f\u0438\u0440\u043e\u0436\u043a\u0438, \u0430 \u0442\u0430\u043a\u0436\u0435 \u0433\u043e\u0440\u044f\u0447\u0438\u0435 \u0431\u043b\u044e\u0434\u0430 \u0438 \u0441\u0443\u043f\u044b \u043d\u0430 \u043e\u0431\u0435\u0434. \u041f\u0440\u0438\u0445\u043e\u0434\u0438\u0442\u0435 \u043f\u043e\u0435\u0441\u0442\u044c \u043d\u0430 \u043c\u0435\u0441\u0442\u0435 \u0438\u043b\u0438 \u0437\u0430\u043a\u0430\u0436\u0438\u0442\u0435 \u0435\u0434\u0443 \u0447\u0435\u0440\u0435\u0437 Bold Food \u0434\u043e\u043c\u043e\u0439 \u0438\u043b\u0438 \u0432 \u043e\u0444\u0438\u0441.<\/p>\n<p>\u041f\u043e \u043f\u0440\u0435\u0434\u0432\u0430\u0440\u0438\u0442\u0435\u043b\u044c\u043d\u043e\u043c\u0443 \u0437\u0430\u043a\u0430\u0437\u0443 \u043a\u0430\u0444\u0435 \u043c\u043e\u0436\u0435\u0442 \u043f\u0440\u0435\u0434\u043b\u043e\u0436\u0438\u0442\u044c \u0437\u0430\u043a\u0443\u0441\u043a\u0438 \u0434\u043b\u044f \u043a\u043e\u0444\u0435-\u043f\u0430\u0443\u0437 \u0438 \u0441\u043e\u0441\u0442\u0430\u0432\u0438\u0442\u044c \u043f\u0440\u0430\u0437\u0434\u043d\u0438\u0447\u043d\u043e\u0435 \u0432\u0435\u0447\u0435\u0440\u043d\u0435\u0435 \u043c\u0435\u043d\u044e.<\/p>\n<p><strong>\u0417\u0430 \u043f\u0440\u0435\u0434\u043b\u043e\u0436\u0435\u043d\u0438\u044f\u043c\u0438 \u043e\u0431\u0440\u0430\u0449\u0430\u0439\u0442\u0435\u0441\u044c:<\/strong><br \/><span style=\"color: #6400ff;\">\u00a0booking@protofactory.ee<\/span><\/p>[\/et_pb_text][\/et_pb_column][\/et_pb_row][et_pb_row _builder_version=&#187;4.24.2&#8243; _module_preset=&#187;default&#187; min_height=&#187;99px&#187; global_colors_info=&#187;{}&#187;][et_pb_column type=&#187;4_4&#8243; _builder_version=&#187;4.24.2&#8243; _module_preset=&#187;default&#187; global_colors_info=&#187;{}&#187;][\/et_pb_column][\/et_pb_row][\/et_pb_section]<span class=\"et_bloom_bottom_trigger\"><\/span>","protected":false},"excerpt":{"rendered":"<p>\u041a\u0430\u0444\u0435 \u0424\u0430\u0431\u0440\u0438\u043a\u0438 \u043e\u0442\u043a\u0440\u044b\u0442\u0438\u0439 PROTO \u043d\u0430\u0445\u043e\u0434\u0438\u0442\u0441\u044f \u043d\u0430 \u043f\u0435\u0440\u0432\u043e\u043c \u044d\u0442\u0430\u0436\u0435 \u0446\u0435\u043d\u0442\u0440\u0430 \u043f\u043e \u0430\u0434\u0440\u0435\u0441\u0443 Peetri 10. \u041f\u0440\u0438\u0445\u043e\u0434\u0438\u0442\u0435 \u0438 \u043d\u0430\u0441\u043b\u0430\u0436\u0434\u0430\u0439\u0442\u0435\u0441\u044c \u0432\u043a\u0443\u0441\u043d\u043e\u0439 \u0435\u0434\u043e\u0439 \u043d\u0430 \u043c\u0435\u0441\u0442\u0435 \u0438\u043b\u0438 \u0432\u043e\u0437\u044c\u043c\u0438\u0442\u0435 \u0435\u0434\u0443 \u0441 \u0441\u043e\u0431\u043e\u0439 \u0434\u043e\u043c\u043e\u0439 \u0438\u043b\u0438 \u0432 \u043e\u0444\u0438\u0441. \u041d\u0430\u0448\u0435 \u043a\u0430\u0444\u0435 \u0436\u0434\u0435\u0442 \u0432\u0441\u0435\u0445 \u0438\u0441\u043a\u0430\u0442\u0435\u043b\u0435\u0439 \u043f\u0440\u0438\u043a\u043b\u044e\u0447\u0435\u043d\u0438\u0439 \u0438 \u0443\u0447\u0435\u043d\u044b\u0445, \u043a\u043e\u0442\u043e\u0440\u044b\u0435, \u043f\u043e\u043c\u0438\u043c\u043e \u0434\u0443\u0445\u043e\u0432\u043d\u043e\u0433\u043e \u043f\u0438\u0442\u0430\u043d\u0438\u044f \u043e\u0442 \u043e\u0442\u043a\u0440\u044b\u0442\u0438\u0439, \u043d\u0443\u0436\u0434\u0430\u044e\u0442\u0441\u044f \u0442\u0430\u043a\u0436\u0435 \u0432 \u043f\u043e\u0434\u043a\u0440\u0435\u043f\u043b\u0435\u043d\u0438\u0438 \u0434\u043b\u044f \u0442\u0435\u043b\u0430. \u0412 \u043a\u0430\u0444\u0435 \u0438\u043c\u0435\u0435\u0442\u0441\u044f \u043e\u0442\u0434\u0435\u043b\u044c\u043d\u044b\u0439 \u0432\u0445\u043e\u0434 \u0441 [&hellip;]<\/p>\n","protected":false},"author":15,"featured_media":0,"parent":0,"menu_order":0,"comment_status":"closed","ping_status":"closed","template":"","meta":{"_acf_changed":false,"_et_pb_use_builder":"on","_et_pb_old_content":"","_et_gb_content_width":"","inline_featured_image":false,"footnotes":""},"class_list":["post-2835","page","type-page","status-publish","hentry"],"acf":[],"yoast_head":"<!-- This site is optimized with the Yoast SEO plugin v26.9 - https:\/\/yoast.com\/product\/yoast-seo-wordpress\/ -->\n<title>PROTO kohvik | L\u00f5unapakkumised | PROTO avastustehases<\/title>\n<meta name=\"description\" content=\"PROTO kohvik pakub iga p\u00e4ev maitsvaid ja tervislikke toitusid m\u00f5istliku hinna eest. Telli kaasa v\u00f5i tule koha peale!\" \/>\n<meta name=\"robots\" content=\"index, follow, max-snippet:-1, max-image-preview:large, max-video-preview:-1\" \/>\n<link rel=\"canonical\" href=\"https:\/\/www.prototehas.ee\/ru\/kafe\/\" \/>\n<meta property=\"og:locale\" content=\"ru_RU\" \/>\n<meta property=\"og:type\" content=\"article\" \/>\n<meta property=\"og:title\" content=\"PROTO kohvik | L\u00f5unapakkumised | PROTO avastustehases\" \/>\n<meta property=\"og:description\" content=\"PROTO kohvik pakub iga p\u00e4ev maitsvaid ja tervislikke toitusid m\u00f5istliku hinna eest. Telli kaasa v\u00f5i tule koha peale!\" \/>\n<meta property=\"og:url\" content=\"https:\/\/www.prototehas.ee\/ru\/kafe\/\" \/>\n<meta property=\"og:site_name\" content=\"PROTO avastustehas\" \/>\n<meta property=\"article:publisher\" content=\"https:\/\/www.facebook.com\/prototehas\/\" \/>\n<meta property=\"article:modified_time\" content=\"2025-09-23T08:32:34+00:00\" \/>\n<meta name=\"twitter:card\" content=\"summary_large_image\" \/>\n<meta name=\"twitter:label1\" content=\"\u041f\u0440\u0438\u043c\u0435\u0440\u043d\u043e\u0435 \u0432\u0440\u0435\u043c\u044f \u0434\u043b\u044f \u0447\u0442\u0435\u043d\u0438\u044f\" \/>\n\t<meta name=\"twitter:data1\" content=\"2 \u043c\u0438\u043d\u0443\u0442\u044b\" \/>\n<script type=\"application\/ld+json\" class=\"yoast-schema-graph\">{\"@context\":\"https:\/\/schema.org\",\"@graph\":[{\"@type\":\"WebPage\",\"@id\":\"https:\/\/www.prototehas.ee\/ru\/kafe\/\",\"url\":\"https:\/\/www.prototehas.ee\/ru\/kafe\/\",\"name\":\"PROTO kohvik | L\u00f5unapakkumised | PROTO avastustehases\",\"isPartOf\":{\"@id\":\"https:\/\/www.prototehas.ee\/ru\/#website\"},\"datePublished\":\"2019-10-09T19:24:57+00:00\",\"dateModified\":\"2025-09-23T08:32:34+00:00\",\"description\":\"PROTO kohvik pakub iga p\u00e4ev maitsvaid ja tervislikke toitusid m\u00f5istliku hinna eest. Telli kaasa v\u00f5i tule koha peale!\",\"breadcrumb\":{\"@id\":\"https:\/\/www.prototehas.ee\/ru\/kafe\/#breadcrumb\"},\"inLanguage\":\"ru-RU\",\"potentialAction\":[{\"@type\":\"ReadAction\",\"target\":[\"https:\/\/www.prototehas.ee\/ru\/kafe\/\"]}]},{\"@type\":\"BreadcrumbList\",\"@id\":\"https:\/\/www.prototehas.ee\/ru\/kafe\/#breadcrumb\",\"itemListElement\":[{\"@type\":\"ListItem\",\"position\":1,\"name\":\"Avaleht\",\"item\":\"https:\/\/www.prototehas.ee\/ru\/\"},{\"@type\":\"ListItem\",\"position\":2,\"name\":\"\u041a\u0410\u0424\u0415\"}]},{\"@type\":\"WebSite\",\"@id\":\"https:\/\/www.prototehas.ee\/ru\/#website\",\"url\":\"https:\/\/www.prototehas.ee\/ru\/\",\"name\":\"PROTO avastustehas\",\"description\":\"Where science meets fantasy\",\"publisher\":{\"@id\":\"https:\/\/www.prototehas.ee\/ru\/#organization\"},\"potentialAction\":[{\"@type\":\"SearchAction\",\"target\":{\"@type\":\"EntryPoint\",\"urlTemplate\":\"https:\/\/www.prototehas.ee\/ru\/?s={search_term_string}\"},\"query-input\":{\"@type\":\"PropertyValueSpecification\",\"valueRequired\":true,\"valueName\":\"search_term_string\"}}],\"inLanguage\":\"ru-RU\"},{\"@type\":\"Organization\",\"@id\":\"https:\/\/www.prototehas.ee\/ru\/#organization\",\"name\":\"PROTO avastustehas\",\"url\":\"https:\/\/www.prototehas.ee\/ru\/\",\"logo\":{\"@type\":\"ImageObject\",\"inLanguage\":\"ru-RU\",\"@id\":\"https:\/\/www.prototehas.ee\/ru\/#\/schema\/logo\/image\/\",\"url\":\"https:\/\/www.prototehas.ee\/wp-content\/uploads\/2019\/10\/prototehas_logo_et_2.svg\",\"contentUrl\":\"https:\/\/www.prototehas.ee\/wp-content\/uploads\/2019\/10\/prototehas_logo_et_2.svg\",\"width\":100,\"height\":100,\"caption\":\"PROTO avastustehas\"},\"image\":{\"@id\":\"https:\/\/www.prototehas.ee\/ru\/#\/schema\/logo\/image\/\"},\"sameAs\":[\"https:\/\/www.facebook.com\/prototehas\/\"]}]}<\/script>\n<!-- \/ Yoast SEO plugin. -->","yoast_head_json":{"title":"PROTO kohvik | L\u00f5unapakkumised | PROTO avastustehases","description":"PROTO kohvik pakub iga p\u00e4ev maitsvaid ja tervislikke toitusid m\u00f5istliku hinna eest. Telli kaasa v\u00f5i tule koha peale!","robots":{"index":"index","follow":"follow","max-snippet":"max-snippet:-1","max-image-preview":"max-image-preview:large","max-video-preview":"max-video-preview:-1"},"canonical":"https:\/\/www.prototehas.ee\/ru\/kafe\/","og_locale":"ru_RU","og_type":"article","og_title":"PROTO kohvik | L\u00f5unapakkumised | PROTO avastustehases","og_description":"PROTO kohvik pakub iga p\u00e4ev maitsvaid ja tervislikke toitusid m\u00f5istliku hinna eest. Telli kaasa v\u00f5i tule koha peale!","og_url":"https:\/\/www.prototehas.ee\/ru\/kafe\/","og_site_name":"PROTO avastustehas","article_publisher":"https:\/\/www.facebook.com\/prototehas\/","article_modified_time":"2025-09-23T08:32:34+00:00","twitter_card":"summary_large_image","twitter_misc":{"\u041f\u0440\u0438\u043c\u0435\u0440\u043d\u043e\u0435 \u0432\u0440\u0435\u043c\u044f \u0434\u043b\u044f \u0447\u0442\u0435\u043d\u0438\u044f":"2 \u043c\u0438\u043d\u0443\u0442\u044b"},"schema":{"@context":"https:\/\/schema.org","@graph":[{"@type":"WebPage","@id":"https:\/\/www.prototehas.ee\/ru\/kafe\/","url":"https:\/\/www.prototehas.ee\/ru\/kafe\/","name":"PROTO kohvik | L\u00f5unapakkumised | PROTO avastustehases","isPartOf":{"@id":"https:\/\/www.prototehas.ee\/ru\/#website"},"datePublished":"2019-10-09T19:24:57+00:00","dateModified":"2025-09-23T08:32:34+00:00","description":"PROTO kohvik pakub iga p\u00e4ev maitsvaid ja tervislikke toitusid m\u00f5istliku hinna eest. Telli kaasa v\u00f5i tule koha peale!","breadcrumb":{"@id":"https:\/\/www.prototehas.ee\/ru\/kafe\/#breadcrumb"},"inLanguage":"ru-RU","potentialAction":[{"@type":"ReadAction","target":["https:\/\/www.prototehas.ee\/ru\/kafe\/"]}]},{"@type":"BreadcrumbList","@id":"https:\/\/www.prototehas.ee\/ru\/kafe\/#breadcrumb","itemListElement":[{"@type":"ListItem","position":1,"name":"Avaleht","item":"https:\/\/www.prototehas.ee\/ru\/"},{"@type":"ListItem","position":2,"name":"\u041a\u0410\u0424\u0415"}]},{"@type":"WebSite","@id":"https:\/\/www.prototehas.ee\/ru\/#website","url":"https:\/\/www.prototehas.ee\/ru\/","name":"PROTO avastustehas","description":"Where science meets fantasy","publisher":{"@id":"https:\/\/www.prototehas.ee\/ru\/#organization"},"potentialAction":[{"@type":"SearchAction","target":{"@type":"EntryPoint","urlTemplate":"https:\/\/www.prototehas.ee\/ru\/?s={search_term_string}"},"query-input":{"@type":"PropertyValueSpecification","valueRequired":true,"valueName":"search_term_string"}}],"inLanguage":"ru-RU"},{"@type":"Organization","@id":"https:\/\/www.prototehas.ee\/ru\/#organization","name":"PROTO avastustehas","url":"https:\/\/www.prototehas.ee\/ru\/","logo":{"@type":"ImageObject","inLanguage":"ru-RU","@id":"https:\/\/www.prototehas.ee\/ru\/#\/schema\/logo\/image\/","url":"https:\/\/www.prototehas.ee\/wp-content\/uploads\/2019\/10\/prototehas_logo_et_2.svg","contentUrl":"https:\/\/www.prototehas.ee\/wp-content\/uploads\/2019\/10\/prototehas_logo_et_2.svg","width":100,"height":100,"caption":"PROTO avastustehas"},"image":{"@id":"https:\/\/www.prototehas.ee\/ru\/#\/schema\/logo\/image\/"},"sameAs":["https:\/\/www.facebook.com\/prototehas\/"]}]}},"_links":{"self":[{"href":"https:\/\/www.prototehas.ee\/ru\/wp-json\/wp\/v2\/pages\/2835","targetHints":{"allow":["GET"]}}],"collection":[{"href":"https:\/\/www.prototehas.ee\/ru\/wp-json\/wp\/v2\/pages"}],"about":[{"href":"https:\/\/www.prototehas.ee\/ru\/wp-json\/wp\/v2\/types\/page"}],"author":[{"embeddable":true,"href":"https:\/\/www.prototehas.ee\/ru\/wp-json\/wp\/v2\/users\/15"}],"replies":[{"embeddable":true,"href":"https:\/\/www.prototehas.ee\/ru\/wp-json\/wp\/v2\/comments?post=2835"}],"version-history":[{"count":5,"href":"https:\/\/www.prototehas.ee\/ru\/wp-json\/wp\/v2\/pages\/2835\/revisions"}],"predecessor-version":[{"id":35216,"href":"https:\/\/www.prototehas.ee\/ru\/wp-json\/wp\/v2\/pages\/2835\/revisions\/35216"}],"wp:attachment":[{"href":"https:\/\/www.prototehas.ee\/ru\/wp-json\/wp\/v2\/media?parent=2835"}],"curies":[{"name":"wp","href":"https:\/\/api.w.org\/{rel}","templated":true}]}}