{"id":28478,"date":"2022-09-06T06:00:12","date_gmt":"2022-09-06T06:00:12","guid":{"rendered":"http:\/\/protodev.ee\/oppeprogramm-algkool-kuumaohupall\/"},"modified":"2026-02-27T13:54:12","modified_gmt":"2026-02-27T13:54:12","slug":"oppeprogramm-kuumaohupall-i-kooliaste","status":"publish","type":"page","link":"https:\/\/www.prototehas.ee\/ru\/oppeprogramm-kuumaohupall-i-kooliaste\/","title":{"rendered":"\u00d5PPEPROGRAMM &#171;KUUMA\u00d5HUPALL&#187; ALGKOOL"},"content":{"rendered":"[et_pb_section fb_built=&#187;1&#8243; _builder_version=&#187;4.16&#8243; background_image=&#187;https:\/\/www.prototehas.ee\/wp-content\/uploads\/2019\/11\/Fujifilm_Panorama3.jpg&#187; custom_margin=&#187;0px||||false|false&#187; custom_padding=&#187;13em||13em||true|false&#187; global_colors_info=&#187;{}&#187;][\/et_pb_section][et_pb_section fb_built=&#187;1&#8243; _builder_version=&#187;4.16&#8243; background_enable_image=&#187;off&#187; global_colors_info=&#187;{}&#187;][et_pb_row admin_label=&#187;Eesti Maitsed&#187; _builder_version=&#187;4.24.2&#8243; _module_preset=&#187;default&#187; background_color=&#187;#FFFFFF&#187; border_radii=&#187;on|30px|30px|30px|30px&#187; locked=&#187;off&#187; global_colors_info=&#187;{}&#187;][et_pb_column type=&#187;4_4&#8243; _builder_version=&#187;4.16&#8243; _module_preset=&#187;default&#187; global_colors_info=&#187;{}&#187;][et_pb_heading title=&#187;\u00d5PPEPROGRAMM \u201cKUUMA\u00d5HUPALL\u201d&#187; _builder_version=&#187;4.24.2&#8243; _module_preset=&#187;c9a4dd29-8345-43ea-bd4d-e73ae35e5717&#8243; global_colors_info=&#187;{}&#187;][\/et_pb_heading][et_pb_text _builder_version=&#187;4.24.2&#8243; _module_preset=&#187;e179c0c4-c115-407d-a110-ebe813713cd6&#8243; custom_padding=&#187;|90px|0px|90px|false|false&#187; custom_padding_tablet=&#187;|20px||20px|false|false&#187; custom_padding_phone=&#187;|0px||0px|false|false&#187; custom_padding_last_edited=&#187;on|tablet&#187; global_colors_info=&#187;{}&#187;]<p style=\"text-align: center;\"><strong>Vanus:<\/strong> <span style=\"font-size: 18px;\"><span>1.-3. klass<\/span><\/span><br \/><strong>Aeg: <\/strong>75 minutit<\/p>[\/et_pb_text][\/et_pb_column][\/et_pb_row][et_pb_row column_structure=&#187;1_2,1_2&#8243; use_custom_gutter=&#187;on&#187; gutter_width=&#187;2&#8243; _builder_version=&#187;4.24.2&#8243; _module_preset=&#187;default&#187; width=&#187;95%&#187; custom_margin=&#187;||||false|false&#187; locked=&#187;off&#187; global_colors_info=&#187;{}&#187;][et_pb_column type=&#187;1_2&#8243; _builder_version=&#187;4.24.2&#8243; _module_preset=&#187;default&#187; global_colors_info=&#187;{}&#187;][et_pb_blurb title=&#187;M\u00c4RKS\u00d5NAD&#187; _builder_version=&#187;4.24.2&#8243; _module_preset=&#187;481f6fb3-e1ad-4711-b65b-226135c026c0&#8243; global_colors_info=&#187;{}&#187;]<p><span class=\"s8\">\u00d5hk<\/span><span class=\"s8\">, <\/span><span class=\"s8\">soojus<\/span><span class=\"s8\">, <\/span><span class=\"s8\">kuuma\u00f5hupall<\/span><span class=\"s8\">, <\/span><span class=\"s8\">inimene<\/span><span class=\"s8\"> ja <\/span><span class=\"s8\">loodus<\/span><span class=\"s8\">, <\/span><span class=\"s8\">meeskonnat\u00f6\u00f6<\/span><\/p>[\/et_pb_blurb][et_pb_blurb title=&#187;eesm\u00e4rgid&#187; _builder_version=&#187;4.24.2&#8243; _module_preset=&#187;481f6fb3-e1ad-4711-b65b-226135c026c0&#8243; custom_margin=&#187;||||false|false&#187; locked=&#187;off&#187; global_colors_info=&#187;{}&#187;]<p style=\"text-align: left;\"><span style=\"font-weight: 400;\">* M\u00f5ista ja uurida tiheduse ning soojuspaisumise m\u00f5isteid.<br \/>* <\/span><span style=\"font-weight: 400;\">Uurida kuuma\u00f5hupalli t\u00f6\u00f6p\u00f5him\u00f5tteid.<br \/><\/span><span style=\"font-weight: 400;\">* Teha ise ja osata \u00f5pitut ka oma igap\u00e4evaelus rakendada.<br \/><\/span><span style=\"font-weight: 400;\">* \u00c4rgitada leiutama ja oma loovust ja fantaasiat kasutama.\u00a0<br \/><\/span><span style=\"font-weight: 400;\">* Julgustada katsetama, vajadusel eksima ja sellest \u00f5ppima.<\/span><\/p>[\/et_pb_blurb][\/et_pb_column][et_pb_column type=&#187;1_2&#8243; _builder_version=&#187;4.24.2&#8243; _module_preset=&#187;default&#187; global_colors_info=&#187;{}&#187;][et_pb_blurb title=&#187;SISUTUTVUSTUS&#187; _builder_version=&#187;4.24.2&#8243; _module_preset=&#187;481f6fb3-e1ad-4711-b65b-226135c026c0&#8243; custom_margin=&#187;||||false|false&#187; locked=&#187;off&#187; global_colors_info=&#187;{}&#187;]<p style=\"text-align: left;\"><span class=\"s8\">Haridusprogrammis<\/span><strong><span class=\"s8\"> \u201e<\/span><span class=\"s8\">Kuuma\u00f5hupall<\/span><span class=\"s8\">\u201c <\/span><\/strong><span class=\"s8\">uurime<\/span><span class=\"s8\">, <\/span><span class=\"s8\">miks<\/span><span class=\"s8\"> <\/span><span class=\"s8\">soe<\/span><span class=\"s8\"> <\/span><span class=\"s8\">\u00f5hk<\/span><span class=\"s8\"> <\/span><span class=\"s8\">t\u00f5useb<\/span><span class=\"s8\"> ja <\/span><span class=\"s8\">kuidas<\/span><span class=\"s8\"> see <\/span><span class=\"s8\">aitab<\/span><span class=\"s8\"><\/span><span class=\"s8\">kuuma\u00f5hupallil<\/span><span class=\"s8\"> <\/span><span class=\"s8\">lennata<\/span><span class=\"s8\">. <\/span><span class=\"s8\">Avastame<\/span><span class=\"s8\">, <\/span><span class=\"s8\">kuidas<\/span><span class=\"s8\"> <\/span><span class=\"s8\">inimesed<\/span><span class=\"s8\"> on <\/span><span class=\"s8\">aja<\/span><span class=\"s8\"> <\/span><span class=\"s8\">jooksul<\/span><span class=\"s8\"> <\/span><span class=\"s8\">\u00f5ppinud<\/span><span class=\"s8\"> <\/span><span class=\"s8\">erinevate<\/span><span class=\"s8\"><\/span><span class=\"s8\">vahenditega<\/span><span class=\"s8\"> <\/span><span class=\"s8\">\u00f5hku<\/span><span class=\"s8\"> <\/span><span class=\"s8\">t\u00f5usma<\/span><span class=\"s8\"> <\/span><span class=\"s8\">ning<\/span><span class=\"s8\"> <\/span><span class=\"s8\">miks<\/span><span class=\"s8\"> on <\/span><span class=\"s8\">oluline<\/span><span class=\"s8\"> <\/span><span class=\"s8\">teha<\/span><span class=\"s8\"> <\/span><span class=\"s8\">seda<\/span><span class=\"s8\"> <\/span><span class=\"s8\">turvaliselt<\/span><span class=\"s8\"> ja <\/span><span class=\"s8\">keskkonda<\/span><span class=\"s8\"> <\/span><span class=\"s8\">s\u00e4\u00e4stvalt<\/span><span class=\"s8\">.<\/span><\/p>\n<p style=\"text-align: left;\"><span class=\"s8\">Programmi<\/span><span class=\"s8\"> <\/span><span class=\"s8\">l\u00f5pus<\/span><span class=\"s8\"> <\/span><span class=\"s8\">ehitavad<\/span><span class=\"s8\"> ja <\/span><span class=\"s8\">katsetavad<\/span><span class=\"s8\"> lapsed <\/span><span class=\"s8\">r\u00fchmades<\/span><span class=\"s8\"> <\/span><span class=\"s8\">oma<\/span><span class=\"s8\"> <\/span><span class=\"s8\">v\u00e4ikese<\/span><span class=\"s8\"> <\/span><span class=\"s8\">kuuma\u00f5hupalli<\/span><span class=\"s8\">, <\/span><span class=\"s8\">m\u00f5eldes<\/span><span class=\"s8\">, <\/span><span class=\"s8\">kuidas<\/span><span class=\"s8\"> <\/span><span class=\"s8\">energiat<\/span><span class=\"s8\"> <\/span><span class=\"s8\">kasutada<\/span><span class=\"s8\"> <\/span><span class=\"s8\">targalt<\/span><span class=\"s8\"> ja <\/span><span class=\"s8\">keskkonda<\/span><span class=\"s8\"> <\/span><span class=\"s8\">hoida<\/span><span class=\"s8\">.<\/span><\/p>[\/et_pb_blurb][et_pb_blurb title=&#187;Seosed \u00f5ppekavaga&#187; _builder_version=&#187;4.24.2&#8243; _module_preset=&#187;481f6fb3-e1ad-4711-b65b-226135c026c0&#8243; custom_margin=&#187;30px||25px||false|false&#187; global_colors_info=&#187;{}&#187;]<p class=\"s16\" style=\"text-align: left;\"><span class=\"s8\">Programm<\/span><span class=\"s8\"> <\/span><span class=\"s8\">l\u00f5imib<\/span><span class=\"s8\"> <\/span><span class=\"s8\">teemat<\/span><strong><span class=\"s8\"> \u201e<\/span><span class=\"s8\">Keskkond<\/span><span class=\"s8\"> ja <\/span><span class=\"s8\">j\u00e4tkusuutlik<\/span><span class=\"s8\"> <\/span><span class=\"s8\">areng<\/span><span class=\"s8\">\u201c<\/span><\/strong><span class=\"s8\">, <\/span><span class=\"s8\">aidates<\/span><span class=\"s8\"> <\/span><span class=\"s8\">lastel<\/span><span class=\"s8\"> <\/span><span class=\"s8\">m\u00f5ista<\/span><span class=\"s8\">, <\/span><span class=\"s8\">kuidas<\/span><span class=\"s8\"> <\/span><span class=\"s8\">inimese<\/span><span class=\"s8\"><\/span><span class=\"s8\">tegevus<\/span><span class=\"s8\"> ja <\/span><span class=\"s8\">loodus<\/span><span class=\"s8\"> on <\/span><span class=\"s8\">omavahel<\/span><span class=\"s8\"> <\/span><span class=\"s8\">seotud<\/span><span class=\"s8\">. <\/span><span class=\"s8\">\u00d5pitakse<\/span><span class=\"s8\"> <\/span><span class=\"s8\">tegema<\/span><span class=\"s8\"> <\/span><span class=\"s8\">turvalisi<\/span><span class=\"s8\"> ja <\/span><span class=\"s8\">keskkonda<\/span><span class=\"s8\"> <\/span><span class=\"s8\">hoidvaid<\/span><span class=\"s8\"> <\/span><span class=\"s8\">valikuid<\/span><span class=\"s8\"><\/span><span class=\"s8\">ning<\/span><span class=\"s8\"> <\/span><span class=\"s8\">kasutama<\/span><span class=\"s8\"> <\/span><span class=\"s8\">materjale<\/span><span class=\"s8\"> <\/span><span class=\"s8\">s\u00e4\u00e4stlikult<\/span><span class=\"s8\">.<\/span><\/p>\n<p class=\"s16\" style=\"text-align: left;\"><strong><span class=\"s8\">Seotud<\/span><span class=\"s8\"> <\/span><span class=\"s8\">\u00f5ppeained<\/span><\/strong><span class=\"s8\"><strong>:<\/strong><br \/><br \/><\/span><\/p>\n<div class=\"s17\" style=\"text-align: left;\"><span>\u25cf <\/span><strong><span class=\"s8\">Loodus\u00f5petus<\/span><\/strong><span class=\"s8\"> \u2013 <\/span><span class=\"s8\">soojus<\/span><span class=\"s8\">, <\/span><span class=\"s8\">\u00f5hu<\/span><span class=\"s8\"> <\/span><span class=\"s8\">liikumine<\/span><span class=\"s8\">, <\/span><span class=\"s8\">inimese<\/span><span class=\"s8\"> ja <\/span><span class=\"s8\">looduse<\/span><span class=\"s8\"> <\/span><span class=\"s8\">seosed<\/span><span class=\"s8\">.<\/span><\/div>\n<div class=\"s18\" style=\"text-align: left;\"><span>\u25cf <\/span><strong><span class=\"s8\">Kunst ja <\/span><span class=\"s8\">t\u00f6\u00f6\u00f5petus<\/span><\/strong><span class=\"s8\"> \u2013 <\/span><span class=\"s8\">meisterdamine<\/span><span class=\"s8\">, <\/span><span class=\"s8\">kujundamine<\/span><span class=\"s8\"> ja <\/span><span class=\"s8\">taaskasutusmaterjalide<\/span><span class=\"s8\"> <\/span><span class=\"s8\">kasutamine<\/span><span class=\"s8\">.<\/span><\/div>\n<div class=\"s19\" style=\"text-align: left;\"><span>\u25cf <\/span><strong><span class=\"s8\">Inimese\u00f5petus<\/span><\/strong><span class=\"s8\"> \u2013 <\/span><span class=\"s8\">koost\u00f6\u00f6<\/span><span class=\"s8\">, <\/span><span class=\"s8\">ohutus<\/span><span class=\"s8\"> ja <\/span><span class=\"s8\">hooliv<\/span><span class=\"s8\"> <\/span><span class=\"s8\">suhtumine<\/span><span class=\"s8\"> <\/span><span class=\"s8\">teistesse<\/span><span class=\"s8\"> ja <\/span><span class=\"s8\">keskkonda<\/span><span class=\"s8\">.<\/span><\/div>[\/et_pb_blurb][\/et_pb_column][\/et_pb_row][et_pb_row admin_label=&#187;Eesti Maitsed&#187; _builder_version=&#187;4.24.2&#8243; _module_preset=&#187;default&#187; background_color=&#187;#FFFFFF&#187; min_height=&#187;243.7px&#187; custom_padding=&#187;25px|||||&#187; border_radii=&#187;on|12px|12px|12px|12px&#187; locked=&#187;off&#187; global_colors_info=&#187;{}&#187;][et_pb_column type=&#187;4_4&#8243; _builder_version=&#187;4.16&#8243; _module_preset=&#187;default&#187; global_colors_info=&#187;{}&#187;][et_pb_heading title=&#187;T\u00c4PSEM SISUTUTVUSTUS&#187; _builder_version=&#187;4.24.2&#8243; _module_preset=&#187;default&#187; title_text_align=&#187;center&#187; global_colors_info=&#187;{}&#187;][\/et_pb_heading][et_pb_text _builder_version=&#187;4.24.2&#8243; _module_preset=&#187;e179c0c4-c115-407d-a110-ebe813713cd6&#8243; global_colors_info=&#187;{}&#187;]<p class=\"p1\"><b>Uuri programmi t\u00e4psemalt \ud83d\udc47<\/b><\/p>[\/et_pb_text][et_pb_button button_url=&#187;https:\/\/www.prototehas.ee\/wp-content\/uploads\/2025\/11\/KUUMAOHUPALL-1.-3.-klass-1.pdf&#187; url_new_window=&#187;on&#187; button_text=&#187;Vaatan l\u00e4hemalt&#187; button_alignment=&#187;center&#187; _builder_version=&#187;4.24.2&#8243; _module_preset=&#187;f68e210a-7307-4655-825f-63256ae554ce&#187; global_colors_info=&#187;{}&#187;][\/et_pb_button][\/et_pb_column][\/et_pb_row][et_pb_row admin_label=&#187;Eesti Maitsed&#187; _builder_version=&#187;4.24.2&#8243; _module_preset=&#187;default&#187; background_color=&#187;#FFFFFF&#187; min_height=&#187;243.7px&#187; custom_padding=&#187;25px|||||&#187; border_radii=&#187;on|12px|12px|12px|12px&#187; locked=&#187;off&#187; global_colors_info=&#187;{}&#187;][et_pb_column type=&#187;4_4&#8243; _builder_version=&#187;4.16&#8243; _module_preset=&#187;default&#187; global_colors_info=&#187;{}&#187;][et_pb_heading title=&#187;BRONEERI \u00d5PPEPROGRAMM&#187; _builder_version=&#187;4.24.2&#8243; _module_preset=&#187;default&#187; title_text_align=&#187;center&#187; global_colors_info=&#187;{}&#187;][\/et_pb_heading][et_pb_text _builder_version=&#187;4.24.2&#8243; _module_preset=&#187;e179c0c4-c115-407d-a110-ebe813713cd6&#8243; global_colors_info=&#187;{}&#187;]<p class=\"p1\"><b>Saada <\/b><a href=\"https:\/\/www.prototehas.ee\/ru\/%d0%b7%d0%b0%d0%bf%d1%80%d0%be%d1%81-%d0%bd%d0%b0-%d0%bf%d1%80%d0%be%d0%b3%d1%80%d0%b0%d0%bc%d0%bc%d1%83-%d0%be%d0%b1%d1%83%d1%87%d0%b5%d0%bd%d0%b8%d1%8f\/\"><span class=\"s1\"><b>P\u00c4RING<\/b><\/span><\/a><b> v\u00f5i vaata haridusprogrammide <\/b><a href=\"https:\/\/www.prototehas.ee\/ru\/haridusprogrammide-tellimisinfo\/\"><span class=\"s1\"><b>TELLIMISINFOT.<\/b><\/span><\/a><\/p>\r\n<p class=\"p2\">[\/et_pb_text][et_pb_button button_url=&#187;https:\/\/www.prototehas.ee\/oppeprogrammide-paring\/&#187; button_text=&#187;SAADA P\u00c4RING&#187; button_alignment=&#187;center&#187; _builder_version=&#187;4.24.2&#8243; _module_preset=&#187;f68e210a-7307-4655-825f-63256ae554ce&#187; global_colors_info=&#187;{}&#187;][\/et_pb_button][\/et_pb_column][\/et_pb_row][\/et_pb_section]<span class=\"et_bloom_bottom_trigger\"><\/span>","protected":false},"excerpt":{"rendered":"<p>Vanus: 1.-3. klassAeg: 75 minutit\u00d5hk, soojus, kuuma\u00f5hupall, inimene ja loodus, meeskonnat\u00f6\u00f6* M\u00f5ista ja uurida tiheduse ning soojuspaisumise m\u00f5isteid.* Uurida kuuma\u00f5hupalli t\u00f6\u00f6p\u00f5him\u00f5tteid.* Teha ise ja osata \u00f5pitut ka oma igap\u00e4evaelus rakendada.* \u00c4rgitada leiutama ja oma loovust ja fantaasiat kasutama.\u00a0* Julgustada katsetama, vajadusel eksima ja sellest \u00f5ppima.Haridusprogrammis \u201eKuuma\u00f5hupall\u201c uurime, miks soe \u00f5hk t\u00f5useb ja kuidas see aitabkuuma\u00f5hupallil [&hellip;]<\/p>\n","protected":false},"author":19,"featured_media":0,"parent":0,"menu_order":0,"comment_status":"closed","ping_status":"closed","template":"","meta":{"_acf_changed":false,"_et_pb_use_builder":"on","_et_pb_old_content":"","_et_gb_content_width":"","inline_featured_image":false,"footnotes":""},"class_list":["post-28478","page","type-page","status-publish","hentry"],"acf":[],"yoast_head":"<!-- This site is optimized with the Yoast SEO plugin v26.9 - https:\/\/yoast.com\/product\/yoast-seo-wordpress\/ -->\n<title>\u00d5PPEPROGRAMM &quot;KUUMA\u00d5HUPALL&quot; ALGKOOL - 1.- 3. klassile - PROTO avastustehas<\/title>\n<meta name=\"description\" content=\"PROTO \u00f5ppeprogramm 1.-3. klassi \u00f5pilastele. Tutvume kuuma\u00f5hupallide ja teiste \u00f5humasinatega \u27a4 Vaata l\u00e4hemalt!\" \/>\n<meta name=\"robots\" content=\"index, follow, max-snippet:-1, max-image-preview:large, max-video-preview:-1\" \/>\n<link rel=\"canonical\" href=\"https:\/\/www.prototehas.ee\/ru\/oppeprogramm-kuumaohupall-i-kooliaste\/\" \/>\n<meta property=\"og:locale\" content=\"ru_RU\" \/>\n<meta property=\"og:type\" content=\"article\" \/>\n<meta property=\"og:title\" content=\"\u00d5PPEPROGRAMM &quot;KUUMA\u00d5HUPALL&quot; ALGKOOL - 1.- 3. klassile - PROTO avastustehas\" \/>\n<meta property=\"og:description\" content=\"PROTO \u00f5ppeprogramm 1.-3. klassi \u00f5pilastele. Tutvume kuuma\u00f5hupallide ja teiste \u00f5humasinatega \u27a4 Vaata l\u00e4hemalt!\" \/>\n<meta property=\"og:url\" content=\"https:\/\/www.prototehas.ee\/ru\/oppeprogramm-kuumaohupall-i-kooliaste\/\" \/>\n<meta property=\"og:site_name\" content=\"PROTO avastustehas\" \/>\n<meta property=\"article:publisher\" content=\"https:\/\/www.facebook.com\/prototehas\/\" \/>\n<meta property=\"article:modified_time\" content=\"2026-02-27T13:54:12+00:00\" \/>\n<meta name=\"twitter:card\" content=\"summary_large_image\" \/>\n<meta name=\"twitter:label1\" content=\"\u041f\u0440\u0438\u043c\u0435\u0440\u043d\u043e\u0435 \u0432\u0440\u0435\u043c\u044f \u0434\u043b\u044f \u0447\u0442\u0435\u043d\u0438\u044f\" \/>\n\t<meta name=\"twitter:data1\" content=\"4 \u043c\u0438\u043d\u0443\u0442\u044b\" \/>\n<script type=\"application\/ld+json\" class=\"yoast-schema-graph\">{\"@context\":\"https:\/\/schema.org\",\"@graph\":[{\"@type\":\"WebPage\",\"@id\":\"https:\/\/www.prototehas.ee\/ru\/oppeprogramm-kuumaohupall-i-kooliaste\/\",\"url\":\"https:\/\/www.prototehas.ee\/ru\/oppeprogramm-kuumaohupall-i-kooliaste\/\",\"name\":\"\u00d5PPEPROGRAMM \\\"KUUMA\u00d5HUPALL\\\" ALGKOOL - 1.- 3. klassile - PROTO avastustehas\",\"isPartOf\":{\"@id\":\"https:\/\/www.prototehas.ee\/ru\/#website\"},\"datePublished\":\"2022-09-06T06:00:12+00:00\",\"dateModified\":\"2026-02-27T13:54:12+00:00\",\"description\":\"PROTO \u00f5ppeprogramm 1.-3. klassi \u00f5pilastele. Tutvume kuuma\u00f5hupallide ja teiste \u00f5humasinatega \u27a4 Vaata l\u00e4hemalt!\",\"breadcrumb\":{\"@id\":\"https:\/\/www.prototehas.ee\/ru\/oppeprogramm-kuumaohupall-i-kooliaste\/#breadcrumb\"},\"inLanguage\":\"ru-RU\",\"potentialAction\":[{\"@type\":\"ReadAction\",\"target\":[\"https:\/\/www.prototehas.ee\/ru\/oppeprogramm-kuumaohupall-i-kooliaste\/\"]}]},{\"@type\":\"BreadcrumbList\",\"@id\":\"https:\/\/www.prototehas.ee\/ru\/oppeprogramm-kuumaohupall-i-kooliaste\/#breadcrumb\",\"itemListElement\":[{\"@type\":\"ListItem\",\"position\":1,\"name\":\"Avaleht\",\"item\":\"https:\/\/www.prototehas.ee\/ru\/\"},{\"@type\":\"ListItem\",\"position\":2,\"name\":\"\u00d5PPEPROGRAMM &#8220;KUUMA\u00d5HUPALL&#8221; ALGKOOL\"}]},{\"@type\":\"WebSite\",\"@id\":\"https:\/\/www.prototehas.ee\/ru\/#website\",\"url\":\"https:\/\/www.prototehas.ee\/ru\/\",\"name\":\"PROTO avastustehas\",\"description\":\"Where science meets fantasy\",\"publisher\":{\"@id\":\"https:\/\/www.prototehas.ee\/ru\/#organization\"},\"potentialAction\":[{\"@type\":\"SearchAction\",\"target\":{\"@type\":\"EntryPoint\",\"urlTemplate\":\"https:\/\/www.prototehas.ee\/ru\/?s={search_term_string}\"},\"query-input\":{\"@type\":\"PropertyValueSpecification\",\"valueRequired\":true,\"valueName\":\"search_term_string\"}}],\"inLanguage\":\"ru-RU\"},{\"@type\":\"Organization\",\"@id\":\"https:\/\/www.prototehas.ee\/ru\/#organization\",\"name\":\"PROTO avastustehas\",\"url\":\"https:\/\/www.prototehas.ee\/ru\/\",\"logo\":{\"@type\":\"ImageObject\",\"inLanguage\":\"ru-RU\",\"@id\":\"https:\/\/www.prototehas.ee\/ru\/#\/schema\/logo\/image\/\",\"url\":\"https:\/\/www.prototehas.ee\/wp-content\/uploads\/2019\/10\/prototehas_logo_et_2.svg\",\"contentUrl\":\"https:\/\/www.prototehas.ee\/wp-content\/uploads\/2019\/10\/prototehas_logo_et_2.svg\",\"width\":100,\"height\":100,\"caption\":\"PROTO avastustehas\"},\"image\":{\"@id\":\"https:\/\/www.prototehas.ee\/ru\/#\/schema\/logo\/image\/\"},\"sameAs\":[\"https:\/\/www.facebook.com\/prototehas\/\"]}]}<\/script>\n<!-- \/ Yoast SEO plugin. -->","yoast_head_json":{"title":"\u00d5PPEPROGRAMM \"KUUMA\u00d5HUPALL\" ALGKOOL - 1.- 3. klassile - PROTO avastustehas","description":"PROTO \u00f5ppeprogramm 1.-3. klassi \u00f5pilastele. Tutvume kuuma\u00f5hupallide ja teiste \u00f5humasinatega \u27a4 Vaata l\u00e4hemalt!","robots":{"index":"index","follow":"follow","max-snippet":"max-snippet:-1","max-image-preview":"max-image-preview:large","max-video-preview":"max-video-preview:-1"},"canonical":"https:\/\/www.prototehas.ee\/ru\/oppeprogramm-kuumaohupall-i-kooliaste\/","og_locale":"ru_RU","og_type":"article","og_title":"\u00d5PPEPROGRAMM \"KUUMA\u00d5HUPALL\" ALGKOOL - 1.- 3. klassile - PROTO avastustehas","og_description":"PROTO \u00f5ppeprogramm 1.-3. klassi \u00f5pilastele. Tutvume kuuma\u00f5hupallide ja teiste \u00f5humasinatega \u27a4 Vaata l\u00e4hemalt!","og_url":"https:\/\/www.prototehas.ee\/ru\/oppeprogramm-kuumaohupall-i-kooliaste\/","og_site_name":"PROTO avastustehas","article_publisher":"https:\/\/www.facebook.com\/prototehas\/","article_modified_time":"2026-02-27T13:54:12+00:00","twitter_card":"summary_large_image","twitter_misc":{"\u041f\u0440\u0438\u043c\u0435\u0440\u043d\u043e\u0435 \u0432\u0440\u0435\u043c\u044f \u0434\u043b\u044f \u0447\u0442\u0435\u043d\u0438\u044f":"4 \u043c\u0438\u043d\u0443\u0442\u044b"},"schema":{"@context":"https:\/\/schema.org","@graph":[{"@type":"WebPage","@id":"https:\/\/www.prototehas.ee\/ru\/oppeprogramm-kuumaohupall-i-kooliaste\/","url":"https:\/\/www.prototehas.ee\/ru\/oppeprogramm-kuumaohupall-i-kooliaste\/","name":"\u00d5PPEPROGRAMM \"KUUMA\u00d5HUPALL\" ALGKOOL - 1.- 3. klassile - PROTO avastustehas","isPartOf":{"@id":"https:\/\/www.prototehas.ee\/ru\/#website"},"datePublished":"2022-09-06T06:00:12+00:00","dateModified":"2026-02-27T13:54:12+00:00","description":"PROTO \u00f5ppeprogramm 1.-3. klassi \u00f5pilastele. Tutvume kuuma\u00f5hupallide ja teiste \u00f5humasinatega \u27a4 Vaata l\u00e4hemalt!","breadcrumb":{"@id":"https:\/\/www.prototehas.ee\/ru\/oppeprogramm-kuumaohupall-i-kooliaste\/#breadcrumb"},"inLanguage":"ru-RU","potentialAction":[{"@type":"ReadAction","target":["https:\/\/www.prototehas.ee\/ru\/oppeprogramm-kuumaohupall-i-kooliaste\/"]}]},{"@type":"BreadcrumbList","@id":"https:\/\/www.prototehas.ee\/ru\/oppeprogramm-kuumaohupall-i-kooliaste\/#breadcrumb","itemListElement":[{"@type":"ListItem","position":1,"name":"Avaleht","item":"https:\/\/www.prototehas.ee\/ru\/"},{"@type":"ListItem","position":2,"name":"\u00d5PPEPROGRAMM &#8220;KUUMA\u00d5HUPALL&#8221; ALGKOOL"}]},{"@type":"WebSite","@id":"https:\/\/www.prototehas.ee\/ru\/#website","url":"https:\/\/www.prototehas.ee\/ru\/","name":"PROTO avastustehas","description":"Where science meets fantasy","publisher":{"@id":"https:\/\/www.prototehas.ee\/ru\/#organization"},"potentialAction":[{"@type":"SearchAction","target":{"@type":"EntryPoint","urlTemplate":"https:\/\/www.prototehas.ee\/ru\/?s={search_term_string}"},"query-input":{"@type":"PropertyValueSpecification","valueRequired":true,"valueName":"search_term_string"}}],"inLanguage":"ru-RU"},{"@type":"Organization","@id":"https:\/\/www.prototehas.ee\/ru\/#organization","name":"PROTO avastustehas","url":"https:\/\/www.prototehas.ee\/ru\/","logo":{"@type":"ImageObject","inLanguage":"ru-RU","@id":"https:\/\/www.prototehas.ee\/ru\/#\/schema\/logo\/image\/","url":"https:\/\/www.prototehas.ee\/wp-content\/uploads\/2019\/10\/prototehas_logo_et_2.svg","contentUrl":"https:\/\/www.prototehas.ee\/wp-content\/uploads\/2019\/10\/prototehas_logo_et_2.svg","width":100,"height":100,"caption":"PROTO avastustehas"},"image":{"@id":"https:\/\/www.prototehas.ee\/ru\/#\/schema\/logo\/image\/"},"sameAs":["https:\/\/www.facebook.com\/prototehas\/"]}]}},"_links":{"self":[{"href":"https:\/\/www.prototehas.ee\/ru\/wp-json\/wp\/v2\/pages\/28478","targetHints":{"allow":["GET"]}}],"collection":[{"href":"https:\/\/www.prototehas.ee\/ru\/wp-json\/wp\/v2\/pages"}],"about":[{"href":"https:\/\/www.prototehas.ee\/ru\/wp-json\/wp\/v2\/types\/page"}],"author":[{"embeddable":true,"href":"https:\/\/www.prototehas.ee\/ru\/wp-json\/wp\/v2\/users\/19"}],"replies":[{"embeddable":true,"href":"https:\/\/www.prototehas.ee\/ru\/wp-json\/wp\/v2\/comments?post=28478"}],"version-history":[{"count":5,"href":"https:\/\/www.prototehas.ee\/ru\/wp-json\/wp\/v2\/pages\/28478\/revisions"}],"predecessor-version":[{"id":36478,"href":"https:\/\/www.prototehas.ee\/ru\/wp-json\/wp\/v2\/pages\/28478\/revisions\/36478"}],"wp:attachment":[{"href":"https:\/\/www.prototehas.ee\/ru\/wp-json\/wp\/v2\/media?parent=28478"}],"curies":[{"name":"wp","href":"https:\/\/api.w.org\/{rel}","templated":true}]}}