{"id":28608,"date":"2022-09-06T05:51:34","date_gmt":"2022-09-06T05:51:34","guid":{"rendered":"http:\/\/protodev.ee\/oppeprogramm-algkool-allveelaev\/"},"modified":"2024-07-25T14:11:01","modified_gmt":"2024-07-25T14:11:01","slug":"oppeprogramm-algkool-allveelaev","status":"publish","type":"page","link":"https:\/\/www.prototehas.ee\/ru\/oppeprogramm-algkool-allveelaev\/","title":{"rendered":"\u00d5PPEPROGRAMM &#171;ALLVEELAEV&#187; ALGKOOL"},"content":{"rendered":"[et_pb_section fb_built=&#187;1&#8243; _builder_version=&#187;4.16&#8243; background_image=&#187;https:\/\/www.prototehas.ee\/wp-content\/uploads\/2019\/11\/Fujifilm_Panorama3.jpg&#187; custom_margin=&#187;0px||||false|false&#187; custom_padding=&#187;13em||13em||true|false&#187; global_colors_info=&#187;{}&#187;][\/et_pb_section][et_pb_section fb_built=&#187;1&#8243; _builder_version=&#187;4.16&#8243; background_enable_image=&#187;off&#187; global_colors_info=&#187;{}&#187; locked=&#187;off&#187;][et_pb_row admin_label=&#187;Eesti Maitsed&#187; _builder_version=&#187;4.24.2&#8243; _module_preset=&#187;default&#187; width=&#187;95%&#187; locked=&#187;off&#187; global_colors_info=&#187;{}&#187;][et_pb_column type=&#187;4_4&#8243; _builder_version=&#187;4.16&#8243; _module_preset=&#187;default&#187; global_colors_info=&#187;{}&#187;][et_pb_heading title=&#187;\u00d5PPEPROGRAMM \u201eAllveelaev\u201c&#187; _builder_version=&#187;4.24.2&#8243; _module_preset=&#187;c9a4dd29-8345-43ea-bd4d-e73ae35e5717&#8243; global_colors_info=&#187;{}&#187;][\/et_pb_heading][et_pb_text _builder_version=&#187;4.24.2&#8243; _module_preset=&#187;e179c0c4-c115-407d-a110-ebe813713cd6&#8243; custom_padding=&#187;|90px||90px|false|false&#187; custom_padding_tablet=&#187;|20px||20px|false|false&#187; custom_padding_phone=&#187;|0px||0px|false|false&#187; custom_padding_last_edited=&#187;on|tablet&#187; global_colors_info=&#187;{}&#187;]<p style=\"text-align: center;\"><strong>Vanus:<\/strong> 1. &#8212; 4. klass\r\n<strong>Aeg: <\/strong>90 minutit<\/p>\r[\/et_pb_text][et_pb_text _builder_version=&#187;4.24.2&#8243; _module_preset=&#187;default&#187; custom_padding=&#187;|10px||10px|false|false&#187; global_colors_info=&#187;{}&#187;]<p style=\"text-align: center;\"><span style=\"color: #000000;\">\u00d5ppeprogrammis \u201cAllveelaev\u201d uurime vett ja vee omadusi ning allveelaeva t\u00f6\u00f6p\u00f5him\u00f5tet. See t\u00f6\u00f6tuba sisaldab rohkelt erinevaid lihtsaid katseid. K\u00e4\u00e4rime k\u00e4ised \u00fcles ning asume f\u00fc\u00fcsikalisi seadusp\u00e4rasusi avastama. Uute teadmiste najal uurime l\u00e4hemalt allveelaeva ja kuidas see t\u00f6\u00f6tab. Ehitame lihtsustatud allveelaeva mudeli. Selleks seome omavahel teadlase tarkuse ja leiutaja osavuse.<\/span><\/p>\r\n<p style=\"text-align: center;\"><span style=\"color: #000000;\">Katsetame, kas ehitatud mudel ka p\u00e4riselt vee alla sukeldub ja sealt tagasi pinnale tuleb. \u00d5nnestumine pole garanteeritud, p\u00f5nev kogemus aga k\u00fcll. \u00d5pime oma vigadest ja t\u00e4iustame, kuni allveelaeva t\u00f6\u00f6le saame.<\/span><\/p>\r[\/et_pb_text][et_pb_button button_url=&#187;https:\/\/www.prototehas.ee\/oppeprogrammide-paring\/&#187; button_text=&#187;SAADA P\u00c4RING&#187; button_alignment=&#187;center&#187; _builder_version=&#187;4.24.2&#8243; _module_preset=&#187;f68e210a-7307-4655-825f-63256ae554ce&#187; locked=&#187;off&#187; global_colors_info=&#187;{}&#187;][\/et_pb_button][\/et_pb_column][\/et_pb_row][et_pb_row column_structure=&#187;1_2,1_2&#8243; use_custom_gutter=&#187;on&#187; gutter_width=&#187;2&#8243; _builder_version=&#187;4.24.2&#8243; _module_preset=&#187;default&#187; width=&#187;95%&#187; custom_margin=&#187;||||false|false&#187; locked=&#187;off&#187; global_colors_info=&#187;{}&#187;][et_pb_column type=&#187;1_2&#8243; _builder_version=&#187;4.24.2&#8243; _module_preset=&#187;default&#187; global_colors_info=&#187;{}&#187;][et_pb_blurb title=&#187;M\u00c4RKS\u00d5NAD&#187; _builder_version=&#187;4.24.2&#8243; _module_preset=&#187;481f6fb3-e1ad-4711-b65b-226135c026c0&#8243; global_colors_info=&#187;{}&#187;]Vesi ja vee omadused, tihedus ja temperatuur, tihedus ja ruumala, kehade ujuvus, allveelaevad.\r[\/et_pb_blurb][et_pb_blurb title=&#187;eesm\u00e4rgid&#187; _builder_version=&#187;4.24.2&#8243; _module_preset=&#187;481f6fb3-e1ad-4711-b65b-226135c026c0&#8243; custom_margin=&#187;||||false|false&#187; locked=&#187;off&#187; global_colors_info=&#187;{}&#187;]* M\u00f5ista ja uurida tiheduse m\u00f5istet.\r\n* Uurida allveelaeva t\u00f6\u00f6p\u00f5him\u00f5tteid.\r\n* Teha ise ja osata \u00f5pitut ka oma igap\u00e4evaelus rakendada.\r\n* \u00c4rgitada leiutama ja oma loovust ning fantaasiat kasutama.\r\n* Julgustada katetama, vajadusel eksima ja sellest \u00f5ppima.\r[\/et_pb_blurb][\/et_pb_column][et_pb_column type=&#187;1_2&#8243; _builder_version=&#187;4.24.2&#8243; _module_preset=&#187;default&#187; global_colors_info=&#187;{}&#187;][et_pb_blurb title=&#187;Seosed \u00f5ppekavaga&#187; _builder_version=&#187;4.24.2&#8243; _module_preset=&#187;481f6fb3-e1ad-4711-b65b-226135c026c0&#8243; custom_margin=&#187;30px||25px||false|false&#187; global_colors_info=&#187;{}&#187;]<span style=\"font-weight: 400;\">* \u00d5pilane kirjeldab vee olekuid.\r\n* <\/span><span style=\"font-weight: 400;\">\u00d5pilane\u00a0 teeb lihtsamaid loodusvaatlusi ning uurimuslikke tegevusi;\u00b7\r\n<\/span><span style=\"font-weight: 400;\">* \u00d5pilane s\u00f5nastab oma meelte abil saadud kogemusi;\r\n<\/span><span style=\"font-weight: 400;\">* \u00d5pilane teeb lihtsate vahenditega praktilisi t\u00f6id, j\u00e4rgides juhendeid ja ohutusn\u00f5udeid;\u00b7\r\n<\/span><span style=\"font-weight: 400;\">* \u00d5pilane\u00a0 tunneb huvi looduse ja selle uurimise vastu ning kasutab julgelt loovust ja fantaasiat.<\/span>\r[\/et_pb_blurb][\/et_pb_column][\/et_pb_row][et_pb_row use_custom_gutter=&#187;on&#187; gutter_width=&#187;1&#8243; admin_label=&#187;Eesti Maitsed&#187; _builder_version=&#187;4.24.2&#8243; _module_preset=&#187;default&#187; width=&#187;100%&#187; locked=&#187;off&#187; global_colors_info=&#187;{}&#187;][et_pb_column type=&#187;4_4&#8243; _builder_version=&#187;4.16&#8243; _module_preset=&#187;default&#187; global_colors_info=&#187;{}&#187;][et_pb_heading title=&#187;FOTOGALERII&#187; _builder_version=&#187;4.24.2&#8243; _module_preset=&#187;c9a4dd29-8345-43ea-bd4d-e73ae35e5717&#8243; custom_margin=&#187;||30px||false|false&#187; global_colors_info=&#187;{}&#187;][\/et_pb_heading][et_pb_gallery gallery_ids=&#187;27026,23962,23974&#8243; posts_number=&#187;8&#8243; show_title_and_caption=&#187;off&#187; show_pagination=&#187;off&#187; zoom_icon_color=&#187;#6400FF&#187; hover_overlay_color=&#187;rgba(255,255,255,0.52)&#187; hover_icon=&#187;&#x2d;||divi||400&#8243; module_class=&#187;col-width&#187; _builder_version=&#187;4.24.2&#8243; _module_preset=&#187;default&#187; custom_margin=&#187;||||false|false&#187; custom_margin_tablet=&#187;||||false|false&#187; custom_margin_phone=&#187;||||false|false&#187; custom_margin_last_edited=&#187;on|tablet&#187; custom_padding=&#187;|10px||10px|false|false&#187; border_width_all=&#187;14px&#187; border_color_all=&#187;RGBA(255,255,255,0)&#187; border_width_all_tablet=&#187;14px&#187; border_width_all_phone=&#187;6px&#187; border_width_all_last_edited=&#187;on|phone&#187; border_radii_image=&#187;on|12px|12px|12px|12px&#187; global_colors_info=&#187;{}&#187;][\/et_pb_gallery][\/et_pb_column][\/et_pb_row][et_pb_row admin_label=&#187;Eesti Maitsed&#187; _builder_version=&#187;4.24.2&#8243; _module_preset=&#187;default&#187; locked=&#187;off&#187; global_colors_info=&#187;{}&#187;][et_pb_column type=&#187;4_4&#8243; _builder_version=&#187;4.16&#8243; _module_preset=&#187;default&#187; global_colors_info=&#187;{}&#187;][et_pb_heading title=&#187;BRONEERI \u00d5PPEPROGRAMM&#187; _builder_version=&#187;4.24.2&#8243; _module_preset=&#187;default&#187; title_text_align=&#187;center&#187; global_colors_info=&#187;{}&#187;][\/et_pb_heading][et_pb_text _builder_version=&#187;4.24.2&#8243; _module_preset=&#187;e179c0c4-c115-407d-a110-ebe813713cd6&#8243; global_colors_info=&#187;{}&#187;]<p class=\"p1\"><b>Saada <\/b><a href=\"https:\/\/www.prototehas.ee\/oppeprogrammide-paring\/\"><span class=\"s1\"><b>P\u00c4RING<\/b><\/span><\/a><b> v\u00f5i vaata haridusprogrammide <\/b><a href=\"https:\/\/www.prototehas.ee\/haridusprogrammide-tellimisinfo\/\"><span class=\"s1\"><b>TELLIMISINFOT.<\/b><\/span><\/a><\/p>\r\n<p class=\"p2\">[\/et_pb_text][et_pb_button button_url=&#187;https:\/\/www.prototehas.ee\/oppeprogrammide-paring\/&#187; button_text=&#187;SAADA P\u00c4RING&#187; button_alignment=&#187;center&#187; _builder_version=&#187;4.24.2&#8243; _module_preset=&#187;f68e210a-7307-4655-825f-63256ae554ce&#187; global_colors_info=&#187;{}&#187;][\/et_pb_button][\/et_pb_column][\/et_pb_row][\/et_pb_section]<span class=\"et_bloom_bottom_trigger\"><\/span>","protected":false},"excerpt":{"rendered":"<p>Vanus: 1. &#8212; 4. klass Aeg: 90 minutit \u00d5ppeprogrammis \u201cAllveelaev\u201d uurime vett ja vee omadusi ning allveelaeva t\u00f6\u00f6p\u00f5him\u00f5tet. See t\u00f6\u00f6tuba sisaldab rohkelt erinevaid lihtsaid katseid. K\u00e4\u00e4rime k\u00e4ised \u00fcles ning asume f\u00fc\u00fcsikalisi seadusp\u00e4rasusi avastama. Uute teadmiste najal uurime l\u00e4hemalt allveelaeva ja kuidas see t\u00f6\u00f6tab. Ehitame lihtsustatud allveelaeva mudeli. Selleks seome omavahel teadlase tarkuse ja leiutaja osavuse. [&hellip;]<\/p>\n","protected":false},"author":19,"featured_media":0,"parent":0,"menu_order":0,"comment_status":"closed","ping_status":"closed","template":"","meta":{"_acf_changed":false,"_et_pb_use_builder":"on","_et_pb_old_content":"","_et_gb_content_width":"","inline_featured_image":false,"footnotes":""},"class_list":["post-28608","page","type-page","status-publish","hentry"],"acf":[],"yoast_head":"<!-- This site is optimized with the Yoast SEO plugin v26.9 - https:\/\/yoast.com\/product\/yoast-seo-wordpress\/ -->\n<title>\u00d5PPEPROGRAMM &quot;ALLVEELAEV&quot; ALGKOOL - PROTO avastustehas<\/title>\n<meta name=\"robots\" content=\"index, follow, max-snippet:-1, max-image-preview:large, max-video-preview:-1\" \/>\n<link rel=\"canonical\" href=\"https:\/\/www.prototehas.ee\/ru\/oppeprogramm-algkool-allveelaev\/\" \/>\n<meta property=\"og:locale\" content=\"ru_RU\" \/>\n<meta property=\"og:type\" content=\"article\" \/>\n<meta property=\"og:title\" content=\"\u00d5PPEPROGRAMM &quot;ALLVEELAEV&quot; ALGKOOL - PROTO avastustehas\" \/>\n<meta property=\"og:description\" content=\"Vanus: 1. - 4. klass Aeg: 90 minutit \u00d5ppeprogrammis \u201cAllveelaev\u201d uurime vett ja vee omadusi ning allveelaeva t\u00f6\u00f6p\u00f5him\u00f5tet. See t\u00f6\u00f6tuba sisaldab rohkelt erinevaid lihtsaid katseid. K\u00e4\u00e4rime k\u00e4ised \u00fcles ning asume f\u00fc\u00fcsikalisi seadusp\u00e4rasusi avastama. Uute teadmiste najal uurime l\u00e4hemalt allveelaeva ja kuidas see t\u00f6\u00f6tab. Ehitame lihtsustatud allveelaeva mudeli. Selleks seome omavahel teadlase tarkuse ja leiutaja osavuse. [&hellip;]\" \/>\n<meta property=\"og:url\" content=\"https:\/\/www.prototehas.ee\/ru\/oppeprogramm-algkool-allveelaev\/\" \/>\n<meta property=\"og:site_name\" content=\"PROTO avastustehas\" \/>\n<meta property=\"article:publisher\" content=\"https:\/\/www.facebook.com\/prototehas\/\" \/>\n<meta property=\"article:modified_time\" content=\"2024-07-25T14:11:01+00:00\" \/>\n<meta name=\"twitter:card\" content=\"summary_large_image\" \/>\n<meta name=\"twitter:label1\" content=\"\u041f\u0440\u0438\u043c\u0435\u0440\u043d\u043e\u0435 \u0432\u0440\u0435\u043c\u044f \u0434\u043b\u044f \u0447\u0442\u0435\u043d\u0438\u044f\" \/>\n\t<meta name=\"twitter:data1\" content=\"2 \u043c\u0438\u043d\u0443\u0442\u044b\" \/>\n<script type=\"application\/ld+json\" class=\"yoast-schema-graph\">{\"@context\":\"https:\/\/schema.org\",\"@graph\":[{\"@type\":\"WebPage\",\"@id\":\"https:\/\/www.prototehas.ee\/ru\/oppeprogramm-algkool-allveelaev\/\",\"url\":\"https:\/\/www.prototehas.ee\/ru\/oppeprogramm-algkool-allveelaev\/\",\"name\":\"\u00d5PPEPROGRAMM \\\"ALLVEELAEV\\\" ALGKOOL - PROTO avastustehas\",\"isPartOf\":{\"@id\":\"https:\/\/www.prototehas.ee\/ru\/#website\"},\"datePublished\":\"2022-09-06T05:51:34+00:00\",\"dateModified\":\"2024-07-25T14:11:01+00:00\",\"breadcrumb\":{\"@id\":\"https:\/\/www.prototehas.ee\/ru\/oppeprogramm-algkool-allveelaev\/#breadcrumb\"},\"inLanguage\":\"ru-RU\",\"potentialAction\":[{\"@type\":\"ReadAction\",\"target\":[\"https:\/\/www.prototehas.ee\/ru\/oppeprogramm-algkool-allveelaev\/\"]}]},{\"@type\":\"BreadcrumbList\",\"@id\":\"https:\/\/www.prototehas.ee\/ru\/oppeprogramm-algkool-allveelaev\/#breadcrumb\",\"itemListElement\":[{\"@type\":\"ListItem\",\"position\":1,\"name\":\"Avaleht\",\"item\":\"https:\/\/www.prototehas.ee\/ru\/\"},{\"@type\":\"ListItem\",\"position\":2,\"name\":\"\u00d5PPEPROGRAMM &#171;ALLVEELAEV&#187; ALGKOOL\"}]},{\"@type\":\"WebSite\",\"@id\":\"https:\/\/www.prototehas.ee\/ru\/#website\",\"url\":\"https:\/\/www.prototehas.ee\/ru\/\",\"name\":\"PROTO avastustehas\",\"description\":\"Where science meets fantasy\",\"publisher\":{\"@id\":\"https:\/\/www.prototehas.ee\/ru\/#organization\"},\"potentialAction\":[{\"@type\":\"SearchAction\",\"target\":{\"@type\":\"EntryPoint\",\"urlTemplate\":\"https:\/\/www.prototehas.ee\/ru\/?s={search_term_string}\"},\"query-input\":{\"@type\":\"PropertyValueSpecification\",\"valueRequired\":true,\"valueName\":\"search_term_string\"}}],\"inLanguage\":\"ru-RU\"},{\"@type\":\"Organization\",\"@id\":\"https:\/\/www.prototehas.ee\/ru\/#organization\",\"name\":\"PROTO avastustehas\",\"url\":\"https:\/\/www.prototehas.ee\/ru\/\",\"logo\":{\"@type\":\"ImageObject\",\"inLanguage\":\"ru-RU\",\"@id\":\"https:\/\/www.prototehas.ee\/ru\/#\/schema\/logo\/image\/\",\"url\":\"https:\/\/www.prototehas.ee\/wp-content\/uploads\/2019\/10\/prototehas_logo_et_2.svg\",\"contentUrl\":\"https:\/\/www.prototehas.ee\/wp-content\/uploads\/2019\/10\/prototehas_logo_et_2.svg\",\"width\":100,\"height\":100,\"caption\":\"PROTO avastustehas\"},\"image\":{\"@id\":\"https:\/\/www.prototehas.ee\/ru\/#\/schema\/logo\/image\/\"},\"sameAs\":[\"https:\/\/www.facebook.com\/prototehas\/\"]}]}<\/script>\n<!-- \/ Yoast SEO plugin. -->","yoast_head_json":{"title":"\u00d5PPEPROGRAMM \"ALLVEELAEV\" ALGKOOL - PROTO avastustehas","robots":{"index":"index","follow":"follow","max-snippet":"max-snippet:-1","max-image-preview":"max-image-preview:large","max-video-preview":"max-video-preview:-1"},"canonical":"https:\/\/www.prototehas.ee\/ru\/oppeprogramm-algkool-allveelaev\/","og_locale":"ru_RU","og_type":"article","og_title":"\u00d5PPEPROGRAMM \"ALLVEELAEV\" ALGKOOL - PROTO avastustehas","og_description":"Vanus: 1. - 4. klass Aeg: 90 minutit \u00d5ppeprogrammis \u201cAllveelaev\u201d uurime vett ja vee omadusi ning allveelaeva t\u00f6\u00f6p\u00f5him\u00f5tet. See t\u00f6\u00f6tuba sisaldab rohkelt erinevaid lihtsaid katseid. K\u00e4\u00e4rime k\u00e4ised \u00fcles ning asume f\u00fc\u00fcsikalisi seadusp\u00e4rasusi avastama. Uute teadmiste najal uurime l\u00e4hemalt allveelaeva ja kuidas see t\u00f6\u00f6tab. Ehitame lihtsustatud allveelaeva mudeli. Selleks seome omavahel teadlase tarkuse ja leiutaja osavuse. [&hellip;]","og_url":"https:\/\/www.prototehas.ee\/ru\/oppeprogramm-algkool-allveelaev\/","og_site_name":"PROTO avastustehas","article_publisher":"https:\/\/www.facebook.com\/prototehas\/","article_modified_time":"2024-07-25T14:11:01+00:00","twitter_card":"summary_large_image","twitter_misc":{"\u041f\u0440\u0438\u043c\u0435\u0440\u043d\u043e\u0435 \u0432\u0440\u0435\u043c\u044f \u0434\u043b\u044f \u0447\u0442\u0435\u043d\u0438\u044f":"2 \u043c\u0438\u043d\u0443\u0442\u044b"},"schema":{"@context":"https:\/\/schema.org","@graph":[{"@type":"WebPage","@id":"https:\/\/www.prototehas.ee\/ru\/oppeprogramm-algkool-allveelaev\/","url":"https:\/\/www.prototehas.ee\/ru\/oppeprogramm-algkool-allveelaev\/","name":"\u00d5PPEPROGRAMM \"ALLVEELAEV\" ALGKOOL - PROTO avastustehas","isPartOf":{"@id":"https:\/\/www.prototehas.ee\/ru\/#website"},"datePublished":"2022-09-06T05:51:34+00:00","dateModified":"2024-07-25T14:11:01+00:00","breadcrumb":{"@id":"https:\/\/www.prototehas.ee\/ru\/oppeprogramm-algkool-allveelaev\/#breadcrumb"},"inLanguage":"ru-RU","potentialAction":[{"@type":"ReadAction","target":["https:\/\/www.prototehas.ee\/ru\/oppeprogramm-algkool-allveelaev\/"]}]},{"@type":"BreadcrumbList","@id":"https:\/\/www.prototehas.ee\/ru\/oppeprogramm-algkool-allveelaev\/#breadcrumb","itemListElement":[{"@type":"ListItem","position":1,"name":"Avaleht","item":"https:\/\/www.prototehas.ee\/ru\/"},{"@type":"ListItem","position":2,"name":"\u00d5PPEPROGRAMM &#171;ALLVEELAEV&#187; ALGKOOL"}]},{"@type":"WebSite","@id":"https:\/\/www.prototehas.ee\/ru\/#website","url":"https:\/\/www.prototehas.ee\/ru\/","name":"PROTO avastustehas","description":"Where science meets fantasy","publisher":{"@id":"https:\/\/www.prototehas.ee\/ru\/#organization"},"potentialAction":[{"@type":"SearchAction","target":{"@type":"EntryPoint","urlTemplate":"https:\/\/www.prototehas.ee\/ru\/?s={search_term_string}"},"query-input":{"@type":"PropertyValueSpecification","valueRequired":true,"valueName":"search_term_string"}}],"inLanguage":"ru-RU"},{"@type":"Organization","@id":"https:\/\/www.prototehas.ee\/ru\/#organization","name":"PROTO avastustehas","url":"https:\/\/www.prototehas.ee\/ru\/","logo":{"@type":"ImageObject","inLanguage":"ru-RU","@id":"https:\/\/www.prototehas.ee\/ru\/#\/schema\/logo\/image\/","url":"https:\/\/www.prototehas.ee\/wp-content\/uploads\/2019\/10\/prototehas_logo_et_2.svg","contentUrl":"https:\/\/www.prototehas.ee\/wp-content\/uploads\/2019\/10\/prototehas_logo_et_2.svg","width":100,"height":100,"caption":"PROTO avastustehas"},"image":{"@id":"https:\/\/www.prototehas.ee\/ru\/#\/schema\/logo\/image\/"},"sameAs":["https:\/\/www.facebook.com\/prototehas\/"]}]}},"_links":{"self":[{"href":"https:\/\/www.prototehas.ee\/ru\/wp-json\/wp\/v2\/pages\/28608","targetHints":{"allow":["GET"]}}],"collection":[{"href":"https:\/\/www.prototehas.ee\/ru\/wp-json\/wp\/v2\/pages"}],"about":[{"href":"https:\/\/www.prototehas.ee\/ru\/wp-json\/wp\/v2\/types\/page"}],"author":[{"embeddable":true,"href":"https:\/\/www.prototehas.ee\/ru\/wp-json\/wp\/v2\/users\/19"}],"replies":[{"embeddable":true,"href":"https:\/\/www.prototehas.ee\/ru\/wp-json\/wp\/v2\/comments?post=28608"}],"version-history":[{"count":2,"href":"https:\/\/www.prototehas.ee\/ru\/wp-json\/wp\/v2\/pages\/28608\/revisions"}],"predecessor-version":[{"id":31036,"href":"https:\/\/www.prototehas.ee\/ru\/wp-json\/wp\/v2\/pages\/28608\/revisions\/31036"}],"wp:attachment":[{"href":"https:\/\/www.prototehas.ee\/ru\/wp-json\/wp\/v2\/media?parent=28608"}],"curies":[{"name":"wp","href":"https:\/\/api.w.org\/{rel}","templated":true}]}}