{"id":4560,"date":"2019-10-16T09:45:40","date_gmt":"2019-10-16T09:45:40","guid":{"rendered":"http:\/\/protodev.ee\/?page_id=4560"},"modified":"2024-06-26T10:46:54","modified_gmt":"2024-06-26T10:46:54","slug":"interaktivnie-eksponati","status":"publish","type":"page","link":"https:\/\/www.prototehas.ee\/ru\/interaktivnie-eksponati\/","title":{"rendered":"\u0418\u041d\u0422\u0415\u0420\u0410\u041a\u0422\u0418\u0412\u041d\u042b\u0415 \u042d\u041a\u0421\u041f\u041e\u041d\u0410\u0422\u042b"},"content":{"rendered":"[et_pb_section fb_built=&#187;1&#8243; _builder_version=&#187;4.16&#8243; background_color=&#187;#fff0d9&#8243; background_enable_image=&#187;off&#187; custom_margin=&#187;0px||||false|false&#187; global_colors_info=&#187;{}&#187;][et_pb_row admin_label=&#187;Main heading&#187; _builder_version=&#187;4.24.2&#8243; _module_preset=&#187;default&#187; global_colors_info=&#187;{}&#187;][et_pb_column type=&#187;4_4&#8243; _builder_version=&#187;4.24.2&#8243; _module_preset=&#187;default&#187; global_colors_info=&#187;{}&#187;][et_pb_heading title=&#187;\u0418\u041d\u0422\u0415\u0420\u0410\u041a\u0422\u0418\u0412\u041d\u042b\u0415 \u042d\u041a\u0421\u041f\u041e\u041d\u0410\u0422\u042b&#187; _builder_version=&#187;4.24.2&#8243; _module_preset=&#187;c9a4dd29-8345-43ea-bd4d-e73ae35e5717&#8243; global_colors_info=&#187;{}&#187;][\/et_pb_heading][et_pb_text _builder_version=&#187;4.24.2&#8243; _module_preset=&#187;e179c0c4-c115-407d-a110-ebe813713cd6&#8243; global_colors_info=&#187;{}&#187;]\u0421 \u043f\u043e\u043c\u043e\u0449\u044c\u044e \u0438\u043d\u0442\u0435\u0440\u0430\u043a\u0442\u0438\u0432\u043d\u044b\u0445 \u044d\u043a\u0441\u043f\u043e\u043d\u0430\u0442\u043e\u0432 \u0432\u044b \u0441\u043c\u043e\u0436\u0435\u0442\u0435 \u0441\u0430\u043c\u043e\u0441\u0442\u043e\u044f\u0442\u0435\u043b\u044c\u043d\u043e \u0438 \u043d\u0435\u043f\u043e\u0441\u0440\u0435\u0434\u0441\u0442\u0432\u0435\u043d\u043d\u043e \u043e\u0442\u043a\u0440\u044b\u0442\u044c \u0434\u043b\u044f \u0441\u0435\u0431\u044f \u0447\u0443\u0434\u0435\u0441\u0430 \u0442\u0435\u0445\u043d\u0438\u043a\u0438. \u0422\u0430\u043a \u0432 \u0438\u0433\u0440\u043e\u0432\u043e\u0439 \u0438 \u0443\u0432\u043b\u0435\u043a\u0430\u0442\u0435\u043b\u044c\u043d\u043e\u0439 \u0444\u043e\u0440\u043c\u0435 \u0432\u044b \u0441\u043e\u0432\u0435\u0440\u0448\u0435\u043d\u043d\u043e \u043f\u043e-\u043d\u043e\u0432\u043e\u043c\u0443 \u0432\u0437\u0433\u043b\u044f\u043d\u0435\u0442\u0435 \u043d\u0430 \u0438\u0437\u0432\u0435\u0441\u0442\u043d\u044b\u0435 \u0432\u0430\u043c \u0444\u0438\u0437\u0438\u0447\u0435\u0441\u043a\u0438\u0435 \u044f\u0432\u043b\u0435\u043d\u0438\u044f.[\/et_pb_text][\/et_pb_column][\/et_pb_row][et_pb_row column_structure=&#187;1_2,1_2&#8243; use_custom_gutter=&#187;on&#187; gutter_width=&#187;2&#8243; custom_padding_last_edited=&#187;on|phone&#187; module_class=&#187;two-col-mob two-col-tab&#187; _builder_version=&#187;4.24.2&#8243; _module_preset=&#187;default&#187; width=&#187;90%&#187; width_last_edited=&#187;off|phone&#187; custom_padding=&#187;15px||15px||false|false&#187; custom_padding_tablet=&#187;||||false|false&#187; custom_padding_phone=&#187;||0px||false|false&#187; custom_css_free_form=&#187;.et_pb_main_blurb_image {|| margin-bottom: 0px;||}||||.et_pb_blurb_container {|| margin-top: 10px;|| margin-bottom: 15px;||}||||.et_pb_main_blurb_image img {|| height: 450px;|| object-fit: cover;||}||||@media (max-width: 980px) {||.et_pb_main_blurb_image img {|| height: 250px!important;||}||}||||\/*** Responsive Styles Smartphone Only ***\/||@media all and (max-width: 767px) {|| .et_pb_main_blurb_image img {|| height: 200px!important;||}|| ||}&#187; global_colors_info=&#187;{}&#187;][et_pb_column type=&#187;1_2&#8243; _builder_version=&#187;4.24.2&#8243; _module_preset=&#187;default&#187; global_colors_info=&#187;{}&#187;][et_pb_blurb title=&#187;\u041f\u0418\u0410\u041d\u0418\u041d\u041e-\u041c\u041e\u041b\u041d\u0418\u042f&#187; url=&#187;https:\/\/www.prototehas.ee\/ru\/piano-molnija\/&#187; image=&#187;https:\/\/www.prototehas.ee\/wp-content\/uploads\/2020\/01\/E21-Aikseline-klaver_Triin-Raa-8.jpg&#187; alt=&#187;V\u00e4lkorel tegevuseksponaat&#187; _builder_version=&#187;4.24.2&#8243; _module_preset=&#187;af72a596-a570-448e-9a49-fd7a20402ff3&#8243; hover_enabled=&#187;0&#8243; custom_css_blurb_image=&#187;width:100%!important;&#187; global_colors_info=&#187;{}&#187; title__hover_enabled=&#187;off|desktop&#187; title__hover=&#187;VIGURITEGA KUUMA\u00d5HUPALL&#187; custom_css_blurb_title_last_edited=&#187;on|phone&#187; custom_css_blurb_title_phone=&#187;padding-top: 20px !important;&#187; sticky_enabled=&#187;0&#8243;][\/et_pb_blurb][\/et_pb_column][et_pb_column type=&#187;1_2&#8243; _builder_version=&#187;4.24.2&#8243; _module_preset=&#187;default&#187; global_colors_info=&#187;{}&#187;][et_pb_blurb title=&#187;\u041a\u041e\u0421\u041c\u0418\u0427\u0415\u0421\u041a\u0410\u042f P\u0410\u041a\u0415\u0422\u0410\r&#187; url=&#187;https:\/\/www.prototehas.ee\/ru\/kosmicheskaja-raketa\/&#187; image=&#187;https:\/\/www.prototehas.ee\/wp-content\/uploads\/2020\/01\/pildid_veebi_519x519px8-8.png&#187; alt=&#187;Kosmoserakett tegevuseksponaat&#187; _builder_version=&#187;4.24.2&#8243; _module_preset=&#187;af72a596-a570-448e-9a49-fd7a20402ff3&#8243; hover_enabled=&#187;0&#8243; custom_css_blurb_image=&#187;width:100%!important;&#187; global_colors_info=&#187;{}&#187; title__hover_enabled=&#187;off|desktop&#187; title__hover=&#187;VIGURITEGA KUUMA\u00d5HUPALL&#187; custom_css_blurb_title_last_edited=&#187;on|phone&#187; custom_css_blurb_title_phone=&#187;padding-top: 20px !important;&#187; sticky_enabled=&#187;0&#8243;][\/et_pb_blurb][\/et_pb_column][\/et_pb_row][et_pb_row column_structure=&#187;1_2,1_2&#8243; use_custom_gutter=&#187;on&#187; gutter_width=&#187;2&#8243; custom_padding_last_edited=&#187;on|phone&#187; module_class=&#187;two-col-mob two-col-tab&#187; _builder_version=&#187;4.24.2&#8243; _module_preset=&#187;default&#187; width=&#187;90%&#187; width_last_edited=&#187;off|phone&#187; custom_padding=&#187;15px||15px||false|false&#187; custom_padding_tablet=&#187;||||false|false&#187; custom_padding_phone=&#187;||0px||false|false&#187; custom_css_free_form=&#187;.et_pb_main_blurb_image {|| margin-bottom: 0px;||}||||.et_pb_blurb_container {|| margin-top: 10px;|| margin-bottom: 15px;||}||||.et_pb_main_blurb_image img {|| height: 450px;|| object-fit: cover;||}||||@media (max-width: 980px) {||.et_pb_main_blurb_image img {|| height: 250px!important;||}||}||||\/*** Responsive Styles Smartphone Only ***\/||@media all and (max-width: 767px) {|| .et_pb_main_blurb_image img {|| height: 200px!important;||}|| ||}&#187; global_colors_info=&#187;{}&#187;][et_pb_column type=&#187;1_2&#8243; _builder_version=&#187;4.24.2&#8243; _module_preset=&#187;default&#187; global_colors_info=&#187;{}&#187;][et_pb_blurb title=&#187;\u0421\u0412\u0415\u0422\u041e\u041a\u0418\u0421\u0422\u0418\r&#187; url=&#187;https:\/\/www.prototehas.ee\/ru\/sveto-kisti\/&#187; image=&#187;https:\/\/www.prototehas.ee\/wp-content\/uploads\/2020\/01\/pildid_veebi_519x519px54-11.png&#187; alt=&#187;Pintsel puhtast valgusest tegevuseksponaat&#187; _builder_version=&#187;4.24.2&#8243; _module_preset=&#187;af72a596-a570-448e-9a49-fd7a20402ff3&#8243; hover_enabled=&#187;0&#8243; custom_css_blurb_image=&#187;width:100%!important;&#187; global_colors_info=&#187;{}&#187; title__hover_enabled=&#187;off|desktop&#187; title__hover=&#187;VIGURITEGA KUUMA\u00d5HUPALL&#187; custom_css_blurb_title_last_edited=&#187;on|phone&#187; custom_css_blurb_title_phone=&#187;padding-top: 20px !important;&#187; sticky_enabled=&#187;0&#8243;][\/et_pb_blurb][\/et_pb_column][et_pb_column type=&#187;1_2&#8243; _builder_version=&#187;4.24.2&#8243; _module_preset=&#187;default&#187; global_colors_info=&#187;{}&#187;][et_pb_blurb title=&#187;\u0426\u0418\u041a\u041b\u041e\u0414\u0420\u041e\u041c&#187; url=&#187;https:\/\/www.prototehas.ee\/ru\/ysiklodrom\/&#187; image=&#187;https:\/\/www.prototehas.ee\/wp-content\/uploads\/2020\/01\/pildid_veebi_519x519px13-9.png&#187; alt=&#187;Ts\u00fcklodroom tegevuseksponaat&#187; _builder_version=&#187;4.24.2&#8243; _module_preset=&#187;af72a596-a570-448e-9a49-fd7a20402ff3&#8243; hover_enabled=&#187;0&#8243; custom_css_blurb_image=&#187;width:100%!important;&#187; global_colors_info=&#187;{}&#187; title__hover_enabled=&#187;off|desktop&#187; title__hover=&#187;VIGURITEGA KUUMA\u00d5HUPALL&#187; custom_css_blurb_title_last_edited=&#187;on|phone&#187; custom_css_blurb_title_phone=&#187;padding-top: 20px !important;&#187; sticky_enabled=&#187;0&#8243;][\/et_pb_blurb][\/et_pb_column][\/et_pb_row][et_pb_row column_structure=&#187;1_2,1_2&#8243; use_custom_gutter=&#187;on&#187; gutter_width=&#187;2&#8243; custom_padding_last_edited=&#187;on|phone&#187; module_class=&#187;two-col-mob two-col-tab&#187; _builder_version=&#187;4.24.2&#8243; _module_preset=&#187;default&#187; width=&#187;90%&#187; width_last_edited=&#187;off|phone&#187; custom_padding=&#187;15px||15px||false|false&#187; custom_padding_tablet=&#187;||||false|false&#187; custom_padding_phone=&#187;||0px||false|false&#187; custom_css_free_form=&#187;.et_pb_main_blurb_image {|| margin-bottom: 0px;||}||||.et_pb_blurb_container {|| margin-top: 10px;|| margin-bottom: 15px;||}||||.et_pb_main_blurb_image img {|| height: 450px;|| object-fit: cover;||}||||@media (max-width: 980px) {||.et_pb_main_blurb_image img {|| height: 250px!important;||}||}||||\/*** Responsive Styles Smartphone Only ***\/||@media all and (max-width: 767px) {|| .et_pb_main_blurb_image img {|| height: 200px!important;||}|| ||}&#187; global_colors_info=&#187;{}&#187;][et_pb_column type=&#187;1_2&#8243; _builder_version=&#187;4.24.2&#8243; _module_preset=&#187;default&#187; global_colors_info=&#187;{}&#187;][et_pb_blurb title=&#187;\u041c\u0418\u041d\u0418-\u041d\u041e\u0411\u041b\u0415\u0421\u0421\u041d\u0415\u0420\r&#187; url=&#187;https:\/\/www.prototehas.ee\/ru\/mini-noblessner\/&#187; image=&#187;https:\/\/www.prototehas.ee\/wp-content\/uploads\/2020\/01\/pildid_veebi_519x519px20-8.png&#187; alt=&#187;Mini noblessner tegevuseksponaat&#187; _builder_version=&#187;4.24.2&#8243; _module_preset=&#187;af72a596-a570-448e-9a49-fd7a20402ff3&#8243; hover_enabled=&#187;0&#8243; custom_css_blurb_image=&#187;width:100%!important;&#187; global_colors_info=&#187;{}&#187; title__hover_enabled=&#187;off|desktop&#187; title__hover=&#187;VIGURITEGA KUUMA\u00d5HUPALL&#187; custom_css_blurb_title_last_edited=&#187;on|phone&#187; custom_css_blurb_title_phone=&#187;padding-top: 20px !important;&#187; sticky_enabled=&#187;0&#8243;][\/et_pb_blurb][\/et_pb_column][et_pb_column type=&#187;1_2&#8243; _builder_version=&#187;4.24.2&#8243; _module_preset=&#187;default&#187; global_colors_info=&#187;{}&#187;][et_pb_blurb title=&#187;\u041b\u041e\u0412\u0415\u0426 \u0417\u0412\u0423\u041a\u041e\u0412\r&#187; url=&#187;https:\/\/www.prototehas.ee\/ru\/lovec-zvukov\/&#187; image=&#187;https:\/\/www.prototehas.ee\/wp-content\/uploads\/2020\/01\/pildid_veebi_519x519px45-7.png&#187; alt=&#187;Helide p\u00fc\u00fcdja&#187; _builder_version=&#187;4.24.2&#8243; _module_preset=&#187;af72a596-a570-448e-9a49-fd7a20402ff3&#8243; hover_enabled=&#187;0&#8243; custom_css_blurb_image=&#187;width:100%!important;&#187; global_colors_info=&#187;{}&#187; title__hover_enabled=&#187;off|desktop&#187; title__hover=&#187;VIGURITEGA KUUMA\u00d5HUPALL&#187; custom_css_blurb_title_last_edited=&#187;on|phone&#187; custom_css_blurb_title_phone=&#187;padding-top: 20px !important;&#187; sticky_enabled=&#187;0&#8243;][\/et_pb_blurb][\/et_pb_column][\/et_pb_row][et_pb_row column_structure=&#187;1_2,1_2&#8243; use_custom_gutter=&#187;on&#187; gutter_width=&#187;2&#8243; custom_padding_last_edited=&#187;on|phone&#187; module_class=&#187;two-col-mob two-col-tab&#187; _builder_version=&#187;4.24.2&#8243; _module_preset=&#187;default&#187; width=&#187;90%&#187; width_last_edited=&#187;off|phone&#187; custom_padding=&#187;15px||15px||false|false&#187; custom_padding_tablet=&#187;||||false|false&#187; custom_padding_phone=&#187;||0px||false|false&#187; custom_css_free_form=&#187;.et_pb_main_blurb_image {|| margin-bottom: 0px;||}||||.et_pb_blurb_container {|| margin-top: 10px;|| margin-bottom: 15px;||}||||.et_pb_main_blurb_image img {|| height: 450px;|| object-fit: cover;||}||||@media (max-width: 980px) {||.et_pb_main_blurb_image img {|| height: 250px!important;||}||}||||\/*** Responsive Styles Smartphone Only ***\/||@media all and (max-width: 767px) {|| .et_pb_main_blurb_image img {|| height: 200px!important;||}|| ||}&#187; global_colors_info=&#187;{}&#187;][et_pb_column type=&#187;1_2&#8243; _builder_version=&#187;4.24.2&#8243; _module_preset=&#187;default&#187; global_colors_info=&#187;{}&#187;][et_pb_blurb title=&#187;\u0410\u042d\u0420\u041e\u0414\u0418\u041d\u0410\u041c\u0418\u0427\u0415\u0421\u041a\u0410\u042f \u0418\u0413\u0420\u0410\r&#187; url=&#187;https:\/\/www.prototehas.ee\/ru\/aerodinamicheskaja-igra\/&#187; image=&#187;https:\/\/www.prototehas.ee\/wp-content\/uploads\/2020\/01\/pildid_veebi_519x519px28-9.png&#187; alt=&#187;Aerod\u00fcnaamiline t\u00e4psusm\u00e4ng&#187; _builder_version=&#187;4.24.2&#8243; _module_preset=&#187;af72a596-a570-448e-9a49-fd7a20402ff3&#8243; hover_enabled=&#187;0&#8243; custom_css_blurb_image=&#187;width:100%!important;&#187; global_colors_info=&#187;{}&#187; title__hover_enabled=&#187;off|desktop&#187; title__hover=&#187;VIGURITEGA KUUMA\u00d5HUPALL&#187; custom_css_blurb_title_last_edited=&#187;on|phone&#187; custom_css_blurb_title_phone=&#187;padding-top: 20px !important;&#187; sticky_enabled=&#187;0&#8243;][\/et_pb_blurb][\/et_pb_column][et_pb_column type=&#187;1_2&#8243; _builder_version=&#187;4.24.2&#8243; _module_preset=&#187;default&#187; global_colors_info=&#187;{}&#187;][\/et_pb_column][\/et_pb_row][\/et_pb_section]<span class=\"et_bloom_bottom_trigger\"><\/span>","protected":false},"excerpt":{"rendered":"<p>\u0421 \u043f\u043e\u043c\u043e\u0449\u044c\u044e \u0438\u043d\u0442\u0435\u0440\u0430\u043a\u0442\u0438\u0432\u043d\u044b\u0445 \u044d\u043a\u0441\u043f\u043e\u043d\u0430\u0442\u043e\u0432 \u0432\u044b \u0441\u043c\u043e\u0436\u0435\u0442\u0435 \u0441\u0430\u043c\u043e\u0441\u0442\u043e\u044f\u0442\u0435\u043b\u044c\u043d\u043e \u0438 \u043d\u0435\u043f\u043e\u0441\u0440\u0435\u0434\u0441\u0442\u0432\u0435\u043d\u043d\u043e \u043e\u0442\u043a\u0440\u044b\u0442\u044c \u0434\u043b\u044f \u0441\u0435\u0431\u044f \u0447\u0443\u0434\u0435\u0441\u0430 \u0442\u0435\u0445\u043d\u0438\u043a\u0438. \u0422\u0430\u043a \u0432 \u0438\u0433\u0440\u043e\u0432\u043e\u0439 \u0438 \u0443\u0432\u043b\u0435\u043a\u0430\u0442\u0435\u043b\u044c\u043d\u043e\u0439 \u0444\u043e\u0440\u043c\u0435 \u0432\u044b \u0441\u043e\u0432\u0435\u0440\u0448\u0435\u043d\u043d\u043e \u043f\u043e-\u043d\u043e\u0432\u043e\u043c\u0443 \u0432\u0437\u0433\u043b\u044f\u043d\u0435\u0442\u0435 \u043d\u0430 \u0438\u0437\u0432\u0435\u0441\u0442\u043d\u044b\u0435 \u0432\u0430\u043c \u0444\u0438\u0437\u0438\u0447\u0435\u0441\u043a\u0438\u0435 \u044f\u0432\u043b\u0435\u043d\u0438\u044f.<\/p>\n","protected":false},"author":19,"featured_media":0,"parent":0,"menu_order":0,"comment_status":"closed","ping_status":"closed","template":"","meta":{"_acf_changed":false,"_et_pb_use_builder":"on","_et_pb_old_content":"","_et_gb_content_width":"","inline_featured_image":false,"footnotes":""},"class_list":["post-4560","page","type-page","status-publish","hentry"],"acf":[],"yoast_head":"<!-- This site is optimized with the Yoast SEO plugin v26.9 - https:\/\/yoast.com\/product\/yoast-seo-wordpress\/ -->\n<title>Tegevuseksponaadid - VR Keskus - PROTO avastustehas<\/title>\n<meta name=\"robots\" content=\"index, follow, max-snippet:-1, max-image-preview:large, max-video-preview:-1\" \/>\n<link rel=\"canonical\" href=\"https:\/\/www.prototehas.ee\/ru\/interaktivnie-eksponati\/\" \/>\n<meta property=\"og:locale\" content=\"ru_RU\" \/>\n<meta property=\"og:type\" content=\"article\" \/>\n<meta property=\"og:title\" content=\"Tegevuseksponaadid - VR Keskus - PROTO avastustehas\" \/>\n<meta property=\"og:description\" content=\"\u0421 \u043f\u043e\u043c\u043e\u0449\u044c\u044e \u0438\u043d\u0442\u0435\u0440\u0430\u043a\u0442\u0438\u0432\u043d\u044b\u0445 \u044d\u043a\u0441\u043f\u043e\u043d\u0430\u0442\u043e\u0432 \u0432\u044b \u0441\u043c\u043e\u0436\u0435\u0442\u0435 \u0441\u0430\u043c\u043e\u0441\u0442\u043e\u044f\u0442\u0435\u043b\u044c\u043d\u043e \u0438 \u043d\u0435\u043f\u043e\u0441\u0440\u0435\u0434\u0441\u0442\u0432\u0435\u043d\u043d\u043e \u043e\u0442\u043a\u0440\u044b\u0442\u044c \u0434\u043b\u044f \u0441\u0435\u0431\u044f \u0447\u0443\u0434\u0435\u0441\u0430 \u0442\u0435\u0445\u043d\u0438\u043a\u0438. \u0422\u0430\u043a \u0432 \u0438\u0433\u0440\u043e\u0432\u043e\u0439 \u0438 \u0443\u0432\u043b\u0435\u043a\u0430\u0442\u0435\u043b\u044c\u043d\u043e\u0439 \u0444\u043e\u0440\u043c\u0435 \u0432\u044b \u0441\u043e\u0432\u0435\u0440\u0448\u0435\u043d\u043d\u043e \u043f\u043e-\u043d\u043e\u0432\u043e\u043c\u0443 \u0432\u0437\u0433\u043b\u044f\u043d\u0435\u0442\u0435 \u043d\u0430 \u0438\u0437\u0432\u0435\u0441\u0442\u043d\u044b\u0435 \u0432\u0430\u043c \u0444\u0438\u0437\u0438\u0447\u0435\u0441\u043a\u0438\u0435 \u044f\u0432\u043b\u0435\u043d\u0438\u044f.\" \/>\n<meta property=\"og:url\" content=\"https:\/\/www.prototehas.ee\/ru\/interaktivnie-eksponati\/\" \/>\n<meta property=\"og:site_name\" content=\"PROTO avastustehas\" \/>\n<meta property=\"article:publisher\" content=\"https:\/\/www.facebook.com\/prototehas\/\" \/>\n<meta property=\"article:modified_time\" content=\"2024-06-26T10:46:54+00:00\" \/>\n<meta name=\"twitter:card\" content=\"summary_large_image\" \/>\n<meta name=\"twitter:label1\" content=\"\u041f\u0440\u0438\u043c\u0435\u0440\u043d\u043e\u0435 \u0432\u0440\u0435\u043c\u044f \u0434\u043b\u044f \u0447\u0442\u0435\u043d\u0438\u044f\" \/>\n\t<meta name=\"twitter:data1\" content=\"3 \u043c\u0438\u043d\u0443\u0442\u044b\" \/>\n<script type=\"application\/ld+json\" class=\"yoast-schema-graph\">{\"@context\":\"https:\/\/schema.org\",\"@graph\":[{\"@type\":\"WebPage\",\"@id\":\"https:\/\/www.prototehas.ee\/ru\/interaktivnie-eksponati\/\",\"url\":\"https:\/\/www.prototehas.ee\/ru\/interaktivnie-eksponati\/\",\"name\":\"Tegevuseksponaadid - VR Keskus - PROTO avastustehas\",\"isPartOf\":{\"@id\":\"https:\/\/www.prototehas.ee\/ru\/#website\"},\"datePublished\":\"2019-10-16T09:45:40+00:00\",\"dateModified\":\"2024-06-26T10:46:54+00:00\",\"breadcrumb\":{\"@id\":\"https:\/\/www.prototehas.ee\/ru\/interaktivnie-eksponati\/#breadcrumb\"},\"inLanguage\":\"ru-RU\",\"potentialAction\":[{\"@type\":\"ReadAction\",\"target\":[\"https:\/\/www.prototehas.ee\/ru\/interaktivnie-eksponati\/\"]}]},{\"@type\":\"BreadcrumbList\",\"@id\":\"https:\/\/www.prototehas.ee\/ru\/interaktivnie-eksponati\/#breadcrumb\",\"itemListElement\":[{\"@type\":\"ListItem\",\"position\":1,\"name\":\"Avaleht\",\"item\":\"https:\/\/www.prototehas.ee\/ru\/\"},{\"@type\":\"ListItem\",\"position\":2,\"name\":\"\u0418\u041d\u0422\u0415\u0420\u0410\u041a\u0422\u0418\u0412\u041d\u042b\u0415 \u042d\u041a\u0421\u041f\u041e\u041d\u0410\u0422\u042b\"}]},{\"@type\":\"WebSite\",\"@id\":\"https:\/\/www.prototehas.ee\/ru\/#website\",\"url\":\"https:\/\/www.prototehas.ee\/ru\/\",\"name\":\"PROTO avastustehas\",\"description\":\"Where science meets fantasy\",\"publisher\":{\"@id\":\"https:\/\/www.prototehas.ee\/ru\/#organization\"},\"potentialAction\":[{\"@type\":\"SearchAction\",\"target\":{\"@type\":\"EntryPoint\",\"urlTemplate\":\"https:\/\/www.prototehas.ee\/ru\/?s={search_term_string}\"},\"query-input\":{\"@type\":\"PropertyValueSpecification\",\"valueRequired\":true,\"valueName\":\"search_term_string\"}}],\"inLanguage\":\"ru-RU\"},{\"@type\":\"Organization\",\"@id\":\"https:\/\/www.prototehas.ee\/ru\/#organization\",\"name\":\"PROTO avastustehas\",\"url\":\"https:\/\/www.prototehas.ee\/ru\/\",\"logo\":{\"@type\":\"ImageObject\",\"inLanguage\":\"ru-RU\",\"@id\":\"https:\/\/www.prototehas.ee\/ru\/#\/schema\/logo\/image\/\",\"url\":\"https:\/\/www.prototehas.ee\/wp-content\/uploads\/2019\/10\/prototehas_logo_et_2.svg\",\"contentUrl\":\"https:\/\/www.prototehas.ee\/wp-content\/uploads\/2019\/10\/prototehas_logo_et_2.svg\",\"width\":100,\"height\":100,\"caption\":\"PROTO avastustehas\"},\"image\":{\"@id\":\"https:\/\/www.prototehas.ee\/ru\/#\/schema\/logo\/image\/\"},\"sameAs\":[\"https:\/\/www.facebook.com\/prototehas\/\"]}]}<\/script>\n<!-- \/ Yoast SEO plugin. -->","yoast_head_json":{"title":"Tegevuseksponaadid - VR Keskus - PROTO avastustehas","robots":{"index":"index","follow":"follow","max-snippet":"max-snippet:-1","max-image-preview":"max-image-preview:large","max-video-preview":"max-video-preview:-1"},"canonical":"https:\/\/www.prototehas.ee\/ru\/interaktivnie-eksponati\/","og_locale":"ru_RU","og_type":"article","og_title":"Tegevuseksponaadid - VR Keskus - PROTO avastustehas","og_description":"\u0421 \u043f\u043e\u043c\u043e\u0449\u044c\u044e \u0438\u043d\u0442\u0435\u0440\u0430\u043a\u0442\u0438\u0432\u043d\u044b\u0445 \u044d\u043a\u0441\u043f\u043e\u043d\u0430\u0442\u043e\u0432 \u0432\u044b \u0441\u043c\u043e\u0436\u0435\u0442\u0435 \u0441\u0430\u043c\u043e\u0441\u0442\u043e\u044f\u0442\u0435\u043b\u044c\u043d\u043e \u0438 \u043d\u0435\u043f\u043e\u0441\u0440\u0435\u0434\u0441\u0442\u0432\u0435\u043d\u043d\u043e \u043e\u0442\u043a\u0440\u044b\u0442\u044c \u0434\u043b\u044f \u0441\u0435\u0431\u044f \u0447\u0443\u0434\u0435\u0441\u0430 \u0442\u0435\u0445\u043d\u0438\u043a\u0438. \u0422\u0430\u043a \u0432 \u0438\u0433\u0440\u043e\u0432\u043e\u0439 \u0438 \u0443\u0432\u043b\u0435\u043a\u0430\u0442\u0435\u043b\u044c\u043d\u043e\u0439 \u0444\u043e\u0440\u043c\u0435 \u0432\u044b \u0441\u043e\u0432\u0435\u0440\u0448\u0435\u043d\u043d\u043e \u043f\u043e-\u043d\u043e\u0432\u043e\u043c\u0443 \u0432\u0437\u0433\u043b\u044f\u043d\u0435\u0442\u0435 \u043d\u0430 \u0438\u0437\u0432\u0435\u0441\u0442\u043d\u044b\u0435 \u0432\u0430\u043c \u0444\u0438\u0437\u0438\u0447\u0435\u0441\u043a\u0438\u0435 \u044f\u0432\u043b\u0435\u043d\u0438\u044f.","og_url":"https:\/\/www.prototehas.ee\/ru\/interaktivnie-eksponati\/","og_site_name":"PROTO avastustehas","article_publisher":"https:\/\/www.facebook.com\/prototehas\/","article_modified_time":"2024-06-26T10:46:54+00:00","twitter_card":"summary_large_image","twitter_misc":{"\u041f\u0440\u0438\u043c\u0435\u0440\u043d\u043e\u0435 \u0432\u0440\u0435\u043c\u044f \u0434\u043b\u044f \u0447\u0442\u0435\u043d\u0438\u044f":"3 \u043c\u0438\u043d\u0443\u0442\u044b"},"schema":{"@context":"https:\/\/schema.org","@graph":[{"@type":"WebPage","@id":"https:\/\/www.prototehas.ee\/ru\/interaktivnie-eksponati\/","url":"https:\/\/www.prototehas.ee\/ru\/interaktivnie-eksponati\/","name":"Tegevuseksponaadid - VR Keskus - PROTO avastustehas","isPartOf":{"@id":"https:\/\/www.prototehas.ee\/ru\/#website"},"datePublished":"2019-10-16T09:45:40+00:00","dateModified":"2024-06-26T10:46:54+00:00","breadcrumb":{"@id":"https:\/\/www.prototehas.ee\/ru\/interaktivnie-eksponati\/#breadcrumb"},"inLanguage":"ru-RU","potentialAction":[{"@type":"ReadAction","target":["https:\/\/www.prototehas.ee\/ru\/interaktivnie-eksponati\/"]}]},{"@type":"BreadcrumbList","@id":"https:\/\/www.prototehas.ee\/ru\/interaktivnie-eksponati\/#breadcrumb","itemListElement":[{"@type":"ListItem","position":1,"name":"Avaleht","item":"https:\/\/www.prototehas.ee\/ru\/"},{"@type":"ListItem","position":2,"name":"\u0418\u041d\u0422\u0415\u0420\u0410\u041a\u0422\u0418\u0412\u041d\u042b\u0415 \u042d\u041a\u0421\u041f\u041e\u041d\u0410\u0422\u042b"}]},{"@type":"WebSite","@id":"https:\/\/www.prototehas.ee\/ru\/#website","url":"https:\/\/www.prototehas.ee\/ru\/","name":"PROTO avastustehas","description":"Where science meets fantasy","publisher":{"@id":"https:\/\/www.prototehas.ee\/ru\/#organization"},"potentialAction":[{"@type":"SearchAction","target":{"@type":"EntryPoint","urlTemplate":"https:\/\/www.prototehas.ee\/ru\/?s={search_term_string}"},"query-input":{"@type":"PropertyValueSpecification","valueRequired":true,"valueName":"search_term_string"}}],"inLanguage":"ru-RU"},{"@type":"Organization","@id":"https:\/\/www.prototehas.ee\/ru\/#organization","name":"PROTO avastustehas","url":"https:\/\/www.prototehas.ee\/ru\/","logo":{"@type":"ImageObject","inLanguage":"ru-RU","@id":"https:\/\/www.prototehas.ee\/ru\/#\/schema\/logo\/image\/","url":"https:\/\/www.prototehas.ee\/wp-content\/uploads\/2019\/10\/prototehas_logo_et_2.svg","contentUrl":"https:\/\/www.prototehas.ee\/wp-content\/uploads\/2019\/10\/prototehas_logo_et_2.svg","width":100,"height":100,"caption":"PROTO avastustehas"},"image":{"@id":"https:\/\/www.prototehas.ee\/ru\/#\/schema\/logo\/image\/"},"sameAs":["https:\/\/www.facebook.com\/prototehas\/"]}]}},"_links":{"self":[{"href":"https:\/\/www.prototehas.ee\/ru\/wp-json\/wp\/v2\/pages\/4560","targetHints":{"allow":["GET"]}}],"collection":[{"href":"https:\/\/www.prototehas.ee\/ru\/wp-json\/wp\/v2\/pages"}],"about":[{"href":"https:\/\/www.prototehas.ee\/ru\/wp-json\/wp\/v2\/types\/page"}],"author":[{"embeddable":true,"href":"https:\/\/www.prototehas.ee\/ru\/wp-json\/wp\/v2\/users\/19"}],"replies":[{"embeddable":true,"href":"https:\/\/www.prototehas.ee\/ru\/wp-json\/wp\/v2\/comments?post=4560"}],"version-history":[{"count":5,"href":"https:\/\/www.prototehas.ee\/ru\/wp-json\/wp\/v2\/pages\/4560\/revisions"}],"predecessor-version":[{"id":29853,"href":"https:\/\/www.prototehas.ee\/ru\/wp-json\/wp\/v2\/pages\/4560\/revisions\/29853"}],"wp:attachment":[{"href":"https:\/\/www.prototehas.ee\/ru\/wp-json\/wp\/v2\/media?parent=4560"}],"curies":[{"name":"wp","href":"https:\/\/api.w.org\/{rel}","templated":true}]}}